{"id":10009,"date":"2025-09-01T18:26:01","date_gmt":"2025-09-01T23:26:01","guid":{"rendered":"https:\/\/cideim.org.co\/cideim_new\/?page_id=10009"},"modified":"2025-09-01T18:28:05","modified_gmt":"2025-09-01T23:28:05","slug":"our-projects","status":"publish","type":"page","link":"https:\/\/cideim.org.co\/cideim\/en\/what-are-we-researching\/our-projects\/","title":{"rendered":"Our projects"},"content":{"rendered":"\t\t<div data-elementor-type=\"wp-page\" data-elementor-id=\"10009\" class=\"elementor elementor-10009\">\n\t\t\t\t\t\t\t<div class=\"elementor-element elementor-element-a68c40d e-con-boxed e-flex e-con\" data-id=\"a68c40d\" data-element_type=\"container\" data-settings=\"{&quot;content_width&quot;:&quot;boxed&quot;,&quot;_ob_use_container_extras&quot;:&quot;no&quot;,&quot;_ob_column_hoveranimator&quot;:&quot;no&quot;,&quot;_ob_glider_is_slider&quot;:&quot;no&quot;,&quot;_ob_column_has_pseudo&quot;:&quot;no&quot;}\">\n\t\t\t\t\t<div class=\"e-con-inner\">\n\t\t\t\t<div class=\"elementor-element elementor-element-f2cbdb4 ob-harakiri-inherit ob-has-background-overlay elementor-widget elementor-widget-heading\" data-id=\"f2cbdb4\" data-element_type=\"widget\" data-settings=\"{&quot;_ob_use_harakiri&quot;:&quot;yes&quot;,&quot;_ob_harakiri_writing_mode&quot;:&quot;inherit&quot;,&quot;_ob_harakiri_text_clip&quot;:&quot;none&quot;,&quot;_ob_widget_stalker_use&quot;:&quot;no&quot;,&quot;_ob_poopart_use&quot;:&quot;yes&quot;,&quot;_ob_shadough_use&quot;:&quot;no&quot;,&quot;_ob_allow_hoveranimator&quot;:&quot;no&quot;}\" data-widget_type=\"heading.default\">\n\t\t\t\t<div class=\"elementor-widget-container\">\n\t\t\t<style>\/*! elementor - v3.13.3 - 28-05-2023 *\/\n.elementor-heading-title{padding:0;margin:0;line-height:1}.elementor-widget-heading .elementor-heading-title[class*=elementor-size-]>a{color:inherit;font-size:inherit;line-height:inherit}.elementor-widget-heading .elementor-heading-title.elementor-size-small{font-size:15px}.elementor-widget-heading .elementor-heading-title.elementor-size-medium{font-size:19px}.elementor-widget-heading .elementor-heading-title.elementor-size-large{font-size:29px}.elementor-widget-heading .elementor-heading-title.elementor-size-xl{font-size:39px}.elementor-widget-heading .elementor-heading-title.elementor-size-xxl{font-size:59px}<\/style><h4 class=\"elementor-heading-title elementor-size-default\">Research Projects<\/h4>\t\t<\/div>\n\t\t\t\t<\/div>\n\t\t\t\t<div class=\"elementor-element elementor-element-69e6966 elementor-grid-2 elementor-posts--thumbnail-none elementor-posts--align-center proyectos elementor-grid-tablet-2 elementor-grid-mobile-1 elementor-card-shadow-yes elementor-posts__hover-gradient ob-has-background-overlay elementor-widget elementor-widget-posts\" data-id=\"69e6966\" data-element_type=\"widget\" data-settings=\"{&quot;cards_columns&quot;:&quot;2&quot;,&quot;cards_row_gap&quot;:{&quot;unit&quot;:&quot;px&quot;,&quot;size&quot;:30,&quot;sizes&quot;:[]},&quot;cards_columns_tablet&quot;:&quot;2&quot;,&quot;cards_columns_mobile&quot;:&quot;1&quot;,&quot;cards_row_gap_tablet&quot;:{&quot;unit&quot;:&quot;px&quot;,&quot;size&quot;:&quot;&quot;,&quot;sizes&quot;:[]},&quot;cards_row_gap_mobile&quot;:{&quot;unit&quot;:&quot;px&quot;,&quot;size&quot;:&quot;&quot;,&quot;sizes&quot;:[]},&quot;_ob_widget_stalker_use&quot;:&quot;no&quot;,&quot;_ob_poopart_use&quot;:&quot;yes&quot;,&quot;_ob_shadough_use&quot;:&quot;no&quot;,&quot;_ob_allow_hoveranimator&quot;:&quot;no&quot;}\" data-widget_type=\"posts.cards\">\n\t\t\t\t<div class=\"elementor-widget-container\">\n\t\t\t<link rel=\"stylesheet\" href=\"https:\/\/cideim.org.co\/cideim\/wp-content\/plugins\/elementor-pro\/assets\/css\/widget-posts.min.css\">\t\t<div class=\"elementor-posts-container elementor-posts elementor-posts--skin-cards elementor-grid\">\n\t\t\t\t<article class=\"elementor-post elementor-grid-item post-3954 proyectos type-proyectos status-publish hentry tipo_de_proyecto-proyectos-de-investigacion\">\n\t\t\t<div class=\"elementor-post__card\">\n\t\t\t\t<div class=\"elementor-post__text\">\n\t\t\t\t<div class=\"elementor-post__excerpt\">\n\t\t\t<p>Deconstructing the protective immunity of yellow fever virus 17D to inform flavivirus vaccine design. Giovanna Barba Spaeth (Institut Pasteur), Mar\u00eda Adelaida Gomez (CIDEIM). 2024-2029. European Comission.<\/p>\n\t\t<\/div>\n\t\t\t\t<\/div>\n\t\t\t\t\t<\/div>\n\t\t<\/article>\n\t\t\t\t<article class=\"elementor-post elementor-grid-item post-3953 proyectos type-proyectos status-publish hentry tipo_de_proyecto-proyectos-de-investigacion\">\n\t\t\t<div class=\"elementor-post__card\">\n\t\t\t\t<div class=\"elementor-post__text\">\n\t\t\t\t<div class=\"elementor-post__excerpt\">\n\t\t\t<p>Host and parasite determinants of Leishmania Viannia persistence in naturally infected human populations. Najib El-Sayed (University of Maryland) \/ Maria Adelaida G\u00f3mez (CIDEIM). 2022-2027. National Institute of Allergy and Infectious Diseases. R01AI172887. U.S. National Institutes of Health.<\/p>\n\t\t<\/div>\n\t\t\t\t<\/div>\n\t\t\t\t\t<\/div>\n\t\t<\/article>\n\t\t\t\t<article class=\"elementor-post elementor-grid-item post-3952 proyectos type-proyectos status-publish hentry tipo_de_proyecto-proyectos-de-investigacion\">\n\t\t\t<div class=\"elementor-post__card\">\n\t\t\t\t<div class=\"elementor-post__text\">\n\t\t\t\t<div class=\"elementor-post__excerpt\">\n\t\t\t<p>A biorepository of specimens for syphilis diagnostics (Bio4S) collected from well-characterized syphilis patients. Arlene Se\u00f1a (University of North Carolina) \/ Kelly Hawley (Connecticut Children\u2019s) \/ Alvaro Mart\u00ednez (CIDEIM). 2022-2025. National Institute of Allergy and Infectious Diseases. U.S. National Institutes of Health.<\/p>\n\t\t<\/div>\n\t\t\t\t<\/div>\n\t\t\t\t\t<\/div>\n\t\t<\/article>\n\t\t\t\t<article class=\"elementor-post elementor-grid-item post-3951 proyectos type-proyectos status-publish hentry tipo_de_proyecto-proyectos-de-investigacion\">\n\t\t\t<div class=\"elementor-post__card\">\n\t\t\t\t<div class=\"elementor-post__text\">\n\t\t\t\t<div class=\"elementor-post__excerpt\">\n\t\t\t<p>Adaptabilidad Cultural de las Intervenciones en Salud en la prevenci\u00f3n y control de enfermedades infecciosas (leishmaniasis, malaria, tuberculosis) para la poblaci\u00f3n rural dispersa (ind\u00edgena, afro y mestiza) del municipio de Pueblo Rico (Risaralda). 2022-2025. C\u00f3digo: BPIN 2021000100291. Sistema General de Regal\u00edas.<\/p>\n\t\t<\/div>\n\t\t\t\t<\/div>\n\t\t\t\t\t<\/div>\n\t\t<\/article>\n\t\t\t\t<article class=\"elementor-post elementor-grid-item post-3950 proyectos type-proyectos status-publish hentry tipo_de_proyecto-proyectos-de-investigacion\">\n\t\t\t<div class=\"elementor-post__card\">\n\t\t\t\t<div class=\"elementor-post__text\">\n\t\t\t\t<div class=\"elementor-post__excerpt\">\n\t\t\t<p>Mobile Health and Oral Testing to Optimize Tuberculosis Contact Tracing in Colombia. John Lucian Davis (Yale University), Beatriz Ferro and Alejandro Vargas (CIDEIM). 2023-2025. National Institute of Allergy and Infectious Diseases. R21AI174129. S. National Institutes of Health.<\/p>\n\t\t<\/div>\n\t\t\t\t<\/div>\n\t\t\t\t\t<\/div>\n\t\t<\/article>\n\t\t\t\t<article class=\"elementor-post elementor-grid-item post-3949 proyectos type-proyectos status-publish hentry tipo_de_proyecto-proyectos-de-investigacion\">\n\t\t\t<div class=\"elementor-post__card\">\n\t\t\t\t<div class=\"elementor-post__text\">\n\t\t\t\t<div class=\"elementor-post__excerpt\">\n\t\t\t<p>Global sequence and surface antigenic diversity of Treponema pallidum outer membrane proteins. (University of Connecticut \/ CIDEIM). 2019-2025. National Institute of Allergy and Infectious Diseases. U19AI144177. U.S. National Institutes of Health.<\/p>\n\t\t<\/div>\n\t\t\t\t<\/div>\n\t\t\t\t\t<\/div>\n\t\t<\/article>\n\t\t\t\t<article class=\"elementor-post elementor-grid-item post-3948 proyectos type-proyectos status-publish hentry tipo_de_proyecto-proyectos-de-investigacion\">\n\t\t\t<div class=\"elementor-post__card\">\n\t\t\t\t<div class=\"elementor-post__text\">\n\t\t\t\t<div class=\"elementor-post__excerpt\">\n\t\t\t<p>Prevalence of syphilis and other sexually transmitted infections in men and transgender women who have sex with men in Cali, Colombia. Jonny Garc\u00eda, (CIDEIM) \/ Juan Salazar and Justin Radolf (University of Connecticut Health Center). 2022-2025. National Institute of Allergy and Infectious Diseases. U19AI144177-04 Administrative Supplement. S. National Institutes of Health.<\/p>\n\t\t<\/div>\n\t\t\t\t<\/div>\n\t\t\t\t\t<\/div>\n\t\t<\/article>\n\t\t\t\t<\/div>\n\t\t\n\t\t\t\t<\/div>\n\t\t\t\t<\/div>\n\t\t\t\t\t<\/div>\n\t\t\t\t<\/div>\n\t\t<div class=\"elementor-element elementor-element-8c14bfe e-con-boxed e-flex e-con\" data-id=\"8c14bfe\" data-element_type=\"container\" data-settings=\"{&quot;content_width&quot;:&quot;boxed&quot;,&quot;_ob_use_container_extras&quot;:&quot;no&quot;,&quot;_ob_column_hoveranimator&quot;:&quot;no&quot;,&quot;_ob_glider_is_slider&quot;:&quot;no&quot;,&quot;_ob_column_has_pseudo&quot;:&quot;no&quot;}\">\n\t\t\t\t\t<div class=\"e-con-inner\">\n\t\t\t\t<div class=\"elementor-element elementor-element-63ba6a3 ob-harakiri-inherit ob-has-background-overlay elementor-widget elementor-widget-heading\" data-id=\"63ba6a3\" data-element_type=\"widget\" data-settings=\"{&quot;_ob_use_harakiri&quot;:&quot;yes&quot;,&quot;_ob_harakiri_writing_mode&quot;:&quot;inherit&quot;,&quot;_ob_harakiri_text_clip&quot;:&quot;none&quot;,&quot;_ob_widget_stalker_use&quot;:&quot;no&quot;,&quot;_ob_poopart_use&quot;:&quot;yes&quot;,&quot;_ob_shadough_use&quot;:&quot;no&quot;,&quot;_ob_allow_hoveranimator&quot;:&quot;no&quot;}\" data-widget_type=\"heading.default\">\n\t\t\t\t<div class=\"elementor-widget-container\">\n\t\t\t<h4 class=\"elementor-heading-title elementor-size-default\">Training Projects<\/h4>\t\t<\/div>\n\t\t\t\t<\/div>\n\t\t\t\t<div class=\"elementor-element elementor-element-c5e2685 elementor-grid-2 elementor-posts--thumbnail-none elementor-posts--align-center proyectos elementor-grid-tablet-2 elementor-grid-mobile-1 elementor-card-shadow-yes elementor-posts__hover-gradient ob-has-background-overlay elementor-widget elementor-widget-posts\" data-id=\"c5e2685\" data-element_type=\"widget\" data-settings=\"{&quot;cards_columns&quot;:&quot;2&quot;,&quot;cards_row_gap&quot;:{&quot;unit&quot;:&quot;px&quot;,&quot;size&quot;:30,&quot;sizes&quot;:[]},&quot;cards_columns_tablet&quot;:&quot;2&quot;,&quot;cards_columns_mobile&quot;:&quot;1&quot;,&quot;cards_row_gap_tablet&quot;:{&quot;unit&quot;:&quot;px&quot;,&quot;size&quot;:&quot;&quot;,&quot;sizes&quot;:[]},&quot;cards_row_gap_mobile&quot;:{&quot;unit&quot;:&quot;px&quot;,&quot;size&quot;:&quot;&quot;,&quot;sizes&quot;:[]},&quot;_ob_widget_stalker_use&quot;:&quot;no&quot;,&quot;_ob_poopart_use&quot;:&quot;yes&quot;,&quot;_ob_shadough_use&quot;:&quot;no&quot;,&quot;_ob_allow_hoveranimator&quot;:&quot;no&quot;}\" data-widget_type=\"posts.cards\">\n\t\t\t\t<div class=\"elementor-widget-container\">\n\t\t\t\t\t<div class=\"elementor-posts-container elementor-posts elementor-posts--skin-cards elementor-grid\">\n\t\t\t\t<article class=\"elementor-post elementor-grid-item post-3955 proyectos type-proyectos status-publish hentry tipo_de_proyecto-proyectos-de-formacion\">\n\t\t\t<div class=\"elementor-post__card\">\n\t\t\t\t<div class=\"elementor-post__text\">\n\t\t\t\t<div class=\"elementor-post__excerpt\">\n\t\t\t<p>Integration of Translational and Implementation Research Training on Leishmaniasis and other Vector-borne and Emerging Infectious Diseases. Nancy Gore Saravia (CIDEIM) \/ Christian Tschudi (Yale University). 2019-2026. D43TW006589. Fogarty International Center (FIC). U.S. National Institutes of Health.<\/p>\n\t\t<\/div>\n\t\t\t\t<\/div>\n\t\t\t\t\t<\/div>\n\t\t<\/article>\n\t\t\t\t<\/div>\n\t\t\n\t\t\t\t<\/div>\n\t\t\t\t<\/div>\n\t\t\t\t\t<\/div>\n\t\t\t\t<\/div>\n\t\t<div class=\"elementor-element elementor-element-51be84a e-con-boxed e-flex e-con\" data-id=\"51be84a\" data-element_type=\"container\" data-settings=\"{&quot;content_width&quot;:&quot;boxed&quot;,&quot;_ob_use_container_extras&quot;:&quot;no&quot;,&quot;_ob_column_hoveranimator&quot;:&quot;no&quot;,&quot;_ob_glider_is_slider&quot;:&quot;no&quot;,&quot;_ob_column_has_pseudo&quot;:&quot;no&quot;}\">\n\t\t\t\t\t<div class=\"e-con-inner\">\n\t\t\t\t<div class=\"elementor-element elementor-element-66fded8 ob-harakiri-inherit ob-has-background-overlay elementor-widget elementor-widget-heading\" data-id=\"66fded8\" data-element_type=\"widget\" data-settings=\"{&quot;_ob_use_harakiri&quot;:&quot;yes&quot;,&quot;_ob_harakiri_writing_mode&quot;:&quot;inherit&quot;,&quot;_ob_harakiri_text_clip&quot;:&quot;none&quot;,&quot;_ob_widget_stalker_use&quot;:&quot;no&quot;,&quot;_ob_poopart_use&quot;:&quot;yes&quot;,&quot;_ob_shadough_use&quot;:&quot;no&quot;,&quot;_ob_allow_hoveranimator&quot;:&quot;no&quot;}\" data-widget_type=\"heading.default\">\n\t\t\t\t<div class=\"elementor-widget-container\">\n\t\t\t<h4 class=\"elementor-heading-title elementor-size-default\">Research Capacity-Building Projects<\/h4>\t\t<\/div>\n\t\t\t\t<\/div>\n\t\t\t\t<div class=\"elementor-element elementor-element-f722bd8 elementor-grid-2 elementor-posts--thumbnail-none elementor-posts--align-center proyectos elementor-grid-tablet-2 elementor-grid-mobile-1 elementor-card-shadow-yes elementor-posts__hover-gradient ob-has-background-overlay elementor-widget elementor-widget-posts\" data-id=\"f722bd8\" data-element_type=\"widget\" data-settings=\"{&quot;cards_columns&quot;:&quot;2&quot;,&quot;cards_row_gap&quot;:{&quot;unit&quot;:&quot;px&quot;,&quot;size&quot;:30,&quot;sizes&quot;:[]},&quot;cards_columns_tablet&quot;:&quot;2&quot;,&quot;cards_columns_mobile&quot;:&quot;1&quot;,&quot;cards_row_gap_tablet&quot;:{&quot;unit&quot;:&quot;px&quot;,&quot;size&quot;:&quot;&quot;,&quot;sizes&quot;:[]},&quot;cards_row_gap_mobile&quot;:{&quot;unit&quot;:&quot;px&quot;,&quot;size&quot;:&quot;&quot;,&quot;sizes&quot;:[]},&quot;_ob_widget_stalker_use&quot;:&quot;no&quot;,&quot;_ob_poopart_use&quot;:&quot;yes&quot;,&quot;_ob_shadough_use&quot;:&quot;no&quot;,&quot;_ob_allow_hoveranimator&quot;:&quot;no&quot;}\" data-widget_type=\"posts.cards\">\n\t\t\t\t<div class=\"elementor-widget-container\">\n\t\t\t\t\t<div class=\"elementor-posts-container elementor-posts elementor-posts--skin-cards elementor-grid\">\n\t\t\t\t<article class=\"elementor-post elementor-grid-item post-3960 proyectos type-proyectos status-publish hentry tipo_de_proyecto-proyectos-de-fortalecimiento-de-capacidad-en-investigacion\">\n\t\t\t<div class=\"elementor-post__card\">\n\t\t\t\t<div class=\"elementor-post__text\">\n\t\t\t\t<div class=\"elementor-post__excerpt\">\n\t\t\t<p>TDR Global Mobilization for the Americas. (2019-2021) Maria Isabel Echavarria; (2022-2025) Alejandra Chamorro TDR, the Special Programme for Research and Training in Tropical Diseases co-sponsored by UNICEF, UNDP, the World Bank and WHO.<\/p>\n\t\t<\/div>\n\t\t\t\t<\/div>\n\t\t\t\t\t<\/div>\n\t\t<\/article>\n\t\t\t\t<article class=\"elementor-post elementor-grid-item post-3959 proyectos type-proyectos status-publish hentry tipo_de_proyecto-proyectos-de-fortalecimiento-de-capacidad-en-investigacion\">\n\t\t\t<div class=\"elementor-post__card\">\n\t\t\t\t<div class=\"elementor-post__text\">\n\t\t\t\t<div class=\"elementor-post__excerpt\">\n\t\t\t<p>CIDEIM &#8211; Regional Training Centre in Health Research. Nancy G. Saravia. 2010-2011; 2013 \u2013 2025. TDR, the Special Programme for Research and Training in Tropical Diseases co-sponsored by UNICEF, UNDP, the World Bank and WHO.<\/p>\n\t\t<\/div>\n\t\t\t\t<\/div>\n\t\t\t\t\t<\/div>\n\t\t<\/article>\n\t\t\t\t<article class=\"elementor-post elementor-grid-item post-3958 proyectos type-proyectos status-publish hentry tipo_de_proyecto-proyectos-de-fortalecimiento-de-capacidad-en-investigacion\">\n\t\t\t<div class=\"elementor-post__card\">\n\t\t\t\t<div class=\"elementor-post__text\">\n\t\t\t\t<div class=\"elementor-post__excerpt\">\n\t\t\t<p>Strengthening social innovation research hubs in low-and middle-income countries. (2017-2019) Nancy G. Saravia. (2020-2025) Maria Isabel Echavarria. TDR, the Special Programme for Research and Training in Tropical Diseases co-sponsored by UNICEF, UNDP, the World Bank and WHO.<\/p>\n\t\t<\/div>\n\t\t\t\t<\/div>\n\t\t\t\t\t<\/div>\n\t\t<\/article>\n\t\t\t\t<\/div>\n\t\t\n\t\t\t\t<\/div>\n\t\t\t\t<\/div>\n\t\t\t\t\t<\/div>\n\t\t\t\t<\/div>\n\t\t\t\t\t\t\t<\/div>\n\t\t","protected":false},"excerpt":{"rendered":"<p>Research Projects Training Projects Research Capacity-Building Projects<\/p>\n","protected":false},"author":5,"featured_media":4659,"parent":5759,"menu_order":0,"comment_status":"closed","ping_status":"closed","template":"","meta":{"footnotes":""},"tipo_de_pagina":[151],"acf":[],"yoast_head":"<!-- This site is optimized with the Yoast SEO plugin v20.9 - https:\/\/yoast.com\/wordpress\/plugins\/seo\/ -->\n<title>Our projects - Centro Internacional de Entrenamiento e Investigaciones M\u00e9dicas<\/title>\n<meta name=\"robots\" content=\"index, follow, max-snippet:-1, max-image-preview:large, max-video-preview:-1\" \/>\n<link rel=\"canonical\" href=\"https:\/\/cideim.org.co\/cideim\/en\/what-are-we-researching\/our-projects\/\" \/>\n<meta property=\"og:locale\" content=\"es_ES\" \/>\n<meta property=\"og:type\" content=\"article\" \/>\n<meta property=\"og:title\" content=\"Our projects - Centro Internacional de Entrenamiento e Investigaciones M\u00e9dicas\" \/>\n<meta property=\"og:description\" content=\"Research Projects Training Projects Research Capacity-Building Projects\" \/>\n<meta property=\"og:url\" content=\"https:\/\/cideim.org.co\/cideim\/en\/what-are-we-researching\/our-projects\/\" \/>\n<meta property=\"og:site_name\" content=\"Centro Internacional de Entrenamiento e Investigaciones M\u00e9dicas\" \/>\n<meta property=\"article:publisher\" content=\"https:\/\/www.facebook.com\/cideim\" \/>\n<meta property=\"article:modified_time\" content=\"2025-09-01T23:28:05+00:00\" \/>\n<meta property=\"og:image\" content=\"https:\/\/cideim.org.co\/cideim\/wp-content\/uploads\/2023\/12\/nuestros-proyectos.jpg\" \/>\n\t<meta property=\"og:image:width\" content=\"2000\" \/>\n\t<meta property=\"og:image:height\" content=\"1328\" \/>\n\t<meta property=\"og:image:type\" content=\"image\/jpeg\" \/>\n<meta name=\"twitter:card\" content=\"summary_large_image\" \/>\n<meta name=\"twitter:label1\" content=\"Tiempo estimado de lectura\" \/>\n\t<meta name=\"twitter:data1\" content=\"2 minutos\" \/>\n<script type=\"application\/ld+json\" class=\"yoast-schema-graph\">{\"@context\":\"https:\/\/schema.org\",\"@graph\":[{\"@type\":\"WebPage\",\"@id\":\"https:\/\/cideim.org.co\/cideim\/en\/what-are-we-researching\/our-projects\/\",\"url\":\"https:\/\/cideim.org.co\/cideim\/en\/what-are-we-researching\/our-projects\/\",\"name\":\"Our projects - Centro Internacional de Entrenamiento e Investigaciones M\u00e9dicas\",\"isPartOf\":{\"@id\":\"https:\/\/cideim.org.co\/cideim\/#website\"},\"datePublished\":\"2025-09-01T23:26:01+00:00\",\"dateModified\":\"2025-09-01T23:28:05+00:00\",\"breadcrumb\":{\"@id\":\"https:\/\/cideim.org.co\/cideim\/en\/what-are-we-researching\/our-projects\/#breadcrumb\"},\"inLanguage\":\"es-CO\",\"potentialAction\":[{\"@type\":\"ReadAction\",\"target\":[\"https:\/\/cideim.org.co\/cideim\/en\/what-are-we-researching\/our-projects\/\"]}]},{\"@type\":\"BreadcrumbList\",\"@id\":\"https:\/\/cideim.org.co\/cideim\/en\/what-are-we-researching\/our-projects\/#breadcrumb\",\"itemListElement\":[{\"@type\":\"ListItem\",\"position\":1,\"name\":\"Inicio\",\"item\":\"https:\/\/cideim.org.co\/cideim\/\"},{\"@type\":\"ListItem\",\"position\":2,\"name\":\"What are we researching?\",\"item\":\"https:\/\/cideim.org.co\/cideim\/en\/what-are-we-researching\/\"},{\"@type\":\"ListItem\",\"position\":3,\"name\":\"Our projects\"}]},{\"@type\":\"WebSite\",\"@id\":\"https:\/\/cideim.org.co\/cideim\/#website\",\"url\":\"https:\/\/cideim.org.co\/cideim\/\",\"name\":\"CIDEIM | Centro Internacional de Entrenamiento e Investigaciones M\u00e9dicas\",\"description\":\"CIDEIM\",\"publisher\":{\"@id\":\"https:\/\/cideim.org.co\/cideim\/#organization\"},\"potentialAction\":[{\"@type\":\"SearchAction\",\"target\":{\"@type\":\"EntryPoint\",\"urlTemplate\":\"https:\/\/cideim.org.co\/cideim\/?s={search_term_string}\"},\"query-input\":\"required name=search_term_string\"}],\"inLanguage\":\"es-CO\"},{\"@type\":\"Organization\",\"@id\":\"https:\/\/cideim.org.co\/cideim\/#organization\",\"name\":\"Centro Internacional de Entrenamiento e Investigaciones M\u00e9dicas\",\"url\":\"https:\/\/cideim.org.co\/cideim\/\",\"logo\":{\"@type\":\"ImageObject\",\"inLanguage\":\"es-CO\",\"@id\":\"https:\/\/cideim.org.co\/cideim\/#\/schema\/logo\/image\/\",\"url\":\"https:\/\/cideim.org.co\/cideim\/wp-content\/uploads\/2022\/06\/Logo-cideim-1.svg\",\"contentUrl\":\"https:\/\/cideim.org.co\/cideim\/wp-content\/uploads\/2022\/06\/Logo-cideim-1.svg\",\"width\":193,\"height\":143,\"caption\":\"Centro Internacional de Entrenamiento e Investigaciones M\u00e9dicas\"},\"image\":{\"@id\":\"https:\/\/cideim.org.co\/cideim\/#\/schema\/logo\/image\/\"},\"sameAs\":[\"https:\/\/www.facebook.com\/cideim\",\"https:\/\/www.linkedin.com\/company\/cideim\/\"]}]}<\/script>\n<!-- \/ Yoast SEO plugin. -->","yoast_head_json":{"title":"Our projects - Centro Internacional de Entrenamiento e Investigaciones M\u00e9dicas","robots":{"index":"index","follow":"follow","max-snippet":"max-snippet:-1","max-image-preview":"max-image-preview:large","max-video-preview":"max-video-preview:-1"},"canonical":"https:\/\/cideim.org.co\/cideim\/en\/what-are-we-researching\/our-projects\/","og_locale":"es_ES","og_type":"article","og_title":"Our projects - Centro Internacional de Entrenamiento e Investigaciones M\u00e9dicas","og_description":"Research Projects Training Projects Research Capacity-Building Projects","og_url":"https:\/\/cideim.org.co\/cideim\/en\/what-are-we-researching\/our-projects\/","og_site_name":"Centro Internacional de Entrenamiento e Investigaciones M\u00e9dicas","article_publisher":"https:\/\/www.facebook.com\/cideim","article_modified_time":"2025-09-01T23:28:05+00:00","og_image":[{"width":2000,"height":1328,"url":"https:\/\/cideim.org.co\/cideim\/wp-content\/uploads\/2023\/12\/nuestros-proyectos.jpg","type":"image\/jpeg"}],"twitter_card":"summary_large_image","twitter_misc":{"Tiempo estimado de lectura":"2 minutos"},"schema":{"@context":"https:\/\/schema.org","@graph":[{"@type":"WebPage","@id":"https:\/\/cideim.org.co\/cideim\/en\/what-are-we-researching\/our-projects\/","url":"https:\/\/cideim.org.co\/cideim\/en\/what-are-we-researching\/our-projects\/","name":"Our projects - Centro Internacional de Entrenamiento e Investigaciones M\u00e9dicas","isPartOf":{"@id":"https:\/\/cideim.org.co\/cideim\/#website"},"datePublished":"2025-09-01T23:26:01+00:00","dateModified":"2025-09-01T23:28:05+00:00","breadcrumb":{"@id":"https:\/\/cideim.org.co\/cideim\/en\/what-are-we-researching\/our-projects\/#breadcrumb"},"inLanguage":"es-CO","potentialAction":[{"@type":"ReadAction","target":["https:\/\/cideim.org.co\/cideim\/en\/what-are-we-researching\/our-projects\/"]}]},{"@type":"BreadcrumbList","@id":"https:\/\/cideim.org.co\/cideim\/en\/what-are-we-researching\/our-projects\/#breadcrumb","itemListElement":[{"@type":"ListItem","position":1,"name":"Inicio","item":"https:\/\/cideim.org.co\/cideim\/"},{"@type":"ListItem","position":2,"name":"What are we researching?","item":"https:\/\/cideim.org.co\/cideim\/en\/what-are-we-researching\/"},{"@type":"ListItem","position":3,"name":"Our projects"}]},{"@type":"WebSite","@id":"https:\/\/cideim.org.co\/cideim\/#website","url":"https:\/\/cideim.org.co\/cideim\/","name":"CIDEIM | Centro Internacional de Entrenamiento e Investigaciones M\u00e9dicas","description":"CIDEIM","publisher":{"@id":"https:\/\/cideim.org.co\/cideim\/#organization"},"potentialAction":[{"@type":"SearchAction","target":{"@type":"EntryPoint","urlTemplate":"https:\/\/cideim.org.co\/cideim\/?s={search_term_string}"},"query-input":"required name=search_term_string"}],"inLanguage":"es-CO"},{"@type":"Organization","@id":"https:\/\/cideim.org.co\/cideim\/#organization","name":"Centro Internacional de Entrenamiento e Investigaciones M\u00e9dicas","url":"https:\/\/cideim.org.co\/cideim\/","logo":{"@type":"ImageObject","inLanguage":"es-CO","@id":"https:\/\/cideim.org.co\/cideim\/#\/schema\/logo\/image\/","url":"https:\/\/cideim.org.co\/cideim\/wp-content\/uploads\/2022\/06\/Logo-cideim-1.svg","contentUrl":"https:\/\/cideim.org.co\/cideim\/wp-content\/uploads\/2022\/06\/Logo-cideim-1.svg","width":193,"height":143,"caption":"Centro Internacional de Entrenamiento e Investigaciones M\u00e9dicas"},"image":{"@id":"https:\/\/cideim.org.co\/cideim\/#\/schema\/logo\/image\/"},"sameAs":["https:\/\/www.facebook.com\/cideim","https:\/\/www.linkedin.com\/company\/cideim\/"]}]}},"_links":{"self":[{"href":"https:\/\/cideim.org.co\/cideim\/wp-json\/wp\/v2\/pages\/10009"}],"collection":[{"href":"https:\/\/cideim.org.co\/cideim\/wp-json\/wp\/v2\/pages"}],"about":[{"href":"https:\/\/cideim.org.co\/cideim\/wp-json\/wp\/v2\/types\/page"}],"author":[{"embeddable":true,"href":"https:\/\/cideim.org.co\/cideim\/wp-json\/wp\/v2\/users\/5"}],"replies":[{"embeddable":true,"href":"https:\/\/cideim.org.co\/cideim\/wp-json\/wp\/v2\/comments?post=10009"}],"version-history":[{"count":4,"href":"https:\/\/cideim.org.co\/cideim\/wp-json\/wp\/v2\/pages\/10009\/revisions"}],"predecessor-version":[{"id":10013,"href":"https:\/\/cideim.org.co\/cideim\/wp-json\/wp\/v2\/pages\/10009\/revisions\/10013"}],"up":[{"embeddable":true,"href":"https:\/\/cideim.org.co\/cideim\/wp-json\/wp\/v2\/pages\/5759"}],"wp:featuredmedia":[{"embeddable":true,"href":"https:\/\/cideim.org.co\/cideim\/wp-json\/wp\/v2\/media\/4659"}],"wp:attachment":[{"href":"https:\/\/cideim.org.co\/cideim\/wp-json\/wp\/v2\/media?parent=10009"}],"wp:term":[{"taxonomy":"tipo_de_pagina","embeddable":true,"href":"https:\/\/cideim.org.co\/cideim\/wp-json\/wp\/v2\/tipo_de_pagina?post=10009"}],"curies":[{"name":"wp","href":"https:\/\/api.w.org\/{rel}","templated":true}]}}