{"id":1062,"date":"2022-12-14T08:00:08","date_gmt":"2022-12-14T13:00:08","guid":{"rendered":"https:\/\/cideim.soypartner.com\/?page_id=1062"},"modified":"2025-10-01T11:40:31","modified_gmt":"2025-10-01T16:40:31","slug":"programas-especiales","status":"publish","type":"page","link":"https:\/\/cideim.org.co\/cideim\/programas-especiales\/","title":{"rendered":"Programas especiales"},"content":{"rendered":"\t\t<div data-elementor-type=\"wp-page\" data-elementor-id=\"1062\" class=\"elementor elementor-1062\">\n\t\t\t\t\t\t\t\t\t<section class=\"elementor-section elementor-top-section elementor-element elementor-element-4e26170 elementor-section-boxed elementor-section-height-default elementor-section-height-default\" data-id=\"4e26170\" data-element_type=\"section\" data-settings=\"{&quot;_ob_glider_is_slider&quot;:&quot;no&quot;}\">\n\t\t\t\t\t\t<div class=\"elementor-container elementor-column-gap-default\">\n\t\t\t\t\t<div class=\"elementor-column elementor-col-100 elementor-top-column elementor-element elementor-element-319413e\" data-id=\"319413e\" data-element_type=\"column\" data-settings=\"{&quot;_ob_column_hoveranimator&quot;:&quot;no&quot;,&quot;_ob_column_has_pseudo&quot;:&quot;no&quot;}\">\n\t\t\t<div class=\"elementor-widget-wrap elementor-element-populated\">\n\t\t\t\t\t\t\t\t<div class=\"elementor-element elementor-element-8f99498 ob-harakiri-inherit ob-has-background-overlay elementor-widget elementor-widget-text-editor\" data-id=\"8f99498\" data-element_type=\"widget\" data-settings=\"{&quot;_ob_use_harakiri&quot;:&quot;yes&quot;,&quot;_ob_harakiri_writing_mode&quot;:&quot;inherit&quot;,&quot;_ob_postman_use&quot;:&quot;no&quot;,&quot;_ob_widget_stalker_use&quot;:&quot;no&quot;,&quot;_ob_poopart_use&quot;:&quot;yes&quot;,&quot;_ob_shadough_use&quot;:&quot;no&quot;,&quot;_ob_allow_hoveranimator&quot;:&quot;no&quot;}\" data-widget_type=\"text-editor.default\">\n\t\t\t\t<div class=\"elementor-widget-container\">\n\t\t\t<style>\/*! elementor - v3.13.3 - 28-05-2023 *\/\n.elementor-widget-text-editor.elementor-drop-cap-view-stacked .elementor-drop-cap{background-color:#69727d;color:#fff}.elementor-widget-text-editor.elementor-drop-cap-view-framed .elementor-drop-cap{color:#69727d;border:3px solid;background-color:transparent}.elementor-widget-text-editor:not(.elementor-drop-cap-view-default) .elementor-drop-cap{margin-top:8px}.elementor-widget-text-editor:not(.elementor-drop-cap-view-default) .elementor-drop-cap-letter{width:1em;height:1em}.elementor-widget-text-editor .elementor-drop-cap{float:left;text-align:center;line-height:1;font-size:50px}.elementor-widget-text-editor .elementor-drop-cap-letter{display:inline-block}<\/style>\t\t\t\t<p style=\"text-align: justify;\"><span style=\"color: #333333;\">Con el respaldo del Programa Especial para el Entrenamiento e Investigaci\u00f3n en Enfermedades Tropicales (TDR) de la Organizaci\u00f3n Mundial de la Salud (OMS), nos posicionamos como el Centro y Red Regional de Entrenamiento para Latinoam\u00e9rica y el Caribe, y como el nodo regional de la Iniciativa Global de Innovaci\u00f3n Social en Salud (SIHI) y del TDR Global.<\/span><\/p><p style=\"text-align: justify;\"><span style=\"color: #333333;\">A trav\u00e9s de nuestra participaci\u00f3n activa en la Iniciativa Global de Innovaci\u00f3n Social en Salud (SIHI), impulsamos iniciativas sociales en salud destinadas a catalizar la transformaci\u00f3n social en las comunidades de Latinoam\u00e9rica y el Caribe, asegur\u00e1ndonos de que sean sostenibles a lo largo del tiempo.<\/span><\/p><p style=\"text-align: justify;\"><span style=\"color: #333333;\">En calidad de Centro y Red Regional de Entrenamiento para Latinoam\u00e9rica y el Caribe, as\u00ed como nodo del TDR Global, ofrecemos capacitaci\u00f3n integral a investigadores, fortaleciendo las redes de colaboraci\u00f3n y contribuyendo al desarrollo de conocimientos en el \u00e1mbito de las enfermedades tropicales.<\/span><\/p>\t\t\t\t\t\t<\/div>\n\t\t\t\t<\/div>\n\t\t\t\t<div class=\"elementor-element elementor-element-65144a1 ob-has-background-overlay elementor-widget elementor-widget-spacer\" data-id=\"65144a1\" data-element_type=\"widget\" data-settings=\"{&quot;_ob_spacerat_use&quot;:&quot;no&quot;,&quot;_ob_widget_stalker_use&quot;:&quot;no&quot;,&quot;_ob_poopart_use&quot;:&quot;yes&quot;,&quot;_ob_shadough_use&quot;:&quot;no&quot;,&quot;_ob_allow_hoveranimator&quot;:&quot;no&quot;}\" data-widget_type=\"spacer.default\">\n\t\t\t\t<div class=\"elementor-widget-container\">\n\t\t\t<style>\/*! elementor - v3.13.3 - 28-05-2023 *\/\n.elementor-column .elementor-spacer-inner{height:var(--spacer-size)}.e-con{--container-widget-width:100%}.e-con-inner>.elementor-widget-spacer,.e-con>.elementor-widget-spacer{width:var(--container-widget-width,var(--spacer-size));--align-self:var(--container-widget-align-self,initial);--flex-shrink:0}.e-con-inner>.elementor-widget-spacer>.elementor-widget-container,.e-con-inner>.elementor-widget-spacer>.elementor-widget-container>.elementor-spacer,.e-con>.elementor-widget-spacer>.elementor-widget-container,.e-con>.elementor-widget-spacer>.elementor-widget-container>.elementor-spacer{height:100%}.e-con-inner>.elementor-widget-spacer>.elementor-widget-container>.elementor-spacer>.elementor-spacer-inner,.e-con>.elementor-widget-spacer>.elementor-widget-container>.elementor-spacer>.elementor-spacer-inner{height:var(--container-widget-height,var(--spacer-size))}<\/style>\t\t<div class=\"elementor-spacer\">\n\t\t\t<div class=\"elementor-spacer-inner\"><\/div>\n\t\t<\/div>\n\t\t\t\t<\/div>\n\t\t\t\t<\/div>\n\t\t\t\t<div class=\"elementor-element elementor-element-3915308 ob-harakiri-inherit ob-has-background-overlay elementor-widget elementor-widget-heading\" data-id=\"3915308\" data-element_type=\"widget\" data-settings=\"{&quot;_ob_use_harakiri&quot;:&quot;yes&quot;,&quot;_ob_harakiri_writing_mode&quot;:&quot;inherit&quot;,&quot;_ob_harakiri_text_clip&quot;:&quot;none&quot;,&quot;_ob_widget_stalker_use&quot;:&quot;no&quot;,&quot;_ob_poopart_use&quot;:&quot;yes&quot;,&quot;_ob_shadough_use&quot;:&quot;no&quot;,&quot;_ob_allow_hoveranimator&quot;:&quot;no&quot;}\" data-widget_type=\"heading.default\">\n\t\t\t\t<div class=\"elementor-widget-container\">\n\t\t\t<style>\/*! elementor - v3.13.3 - 28-05-2023 *\/\n.elementor-heading-title{padding:0;margin:0;line-height:1}.elementor-widget-heading .elementor-heading-title[class*=elementor-size-]>a{color:inherit;font-size:inherit;line-height:inherit}.elementor-widget-heading .elementor-heading-title.elementor-size-small{font-size:15px}.elementor-widget-heading .elementor-heading-title.elementor-size-medium{font-size:19px}.elementor-widget-heading .elementor-heading-title.elementor-size-large{font-size:29px}.elementor-widget-heading .elementor-heading-title.elementor-size-xl{font-size:39px}.elementor-widget-heading .elementor-heading-title.elementor-size-xxl{font-size:59px}<\/style><h2 class=\"elementor-heading-title elementor-size-medium\">Conoce m\u00e1s acerca de los programas especiales:<\/h2>\t\t<\/div>\n\t\t\t\t<\/div>\n\t\t\t\t\t<\/div>\n\t\t<\/div>\n\t\t\t\t\t\t\t<\/div>\n\t\t<\/section>\n\t\t<div class=\"elementor-element elementor-element-ae2cd5f e-con-boxed e-flex e-con\" data-id=\"ae2cd5f\" data-element_type=\"container\" data-settings=\"{&quot;content_width&quot;:&quot;boxed&quot;,&quot;_ob_use_container_extras&quot;:&quot;no&quot;,&quot;_ob_column_hoveranimator&quot;:&quot;no&quot;,&quot;_ob_glider_is_slider&quot;:&quot;no&quot;,&quot;_ob_column_has_pseudo&quot;:&quot;no&quot;}\">\n\t\t\t\t\t<div class=\"e-con-inner\">\n\t\t<div class=\"elementor-element elementor-element-28af848 e-con-full e-flex e-con\" data-id=\"28af848\" data-element_type=\"container\" data-settings=\"{&quot;content_width&quot;:&quot;full&quot;,&quot;_ob_use_container_extras&quot;:&quot;no&quot;,&quot;_ob_column_hoveranimator&quot;:&quot;no&quot;,&quot;_ob_glider_is_slider&quot;:&quot;no&quot;,&quot;_ob_column_has_pseudo&quot;:&quot;no&quot;}\">\n\t\t\t\t<div class=\"elementor-element elementor-element-188337e elementor-position-top elementor-vertical-align-top ob-has-background-overlay elementor-widget elementor-widget-image-box\" data-id=\"188337e\" data-element_type=\"widget\" data-settings=\"{&quot;_ob_widget_stalker_use&quot;:&quot;no&quot;,&quot;_ob_poopart_use&quot;:&quot;yes&quot;,&quot;_ob_shadough_use&quot;:&quot;no&quot;}\" data-widget_type=\"image-box.default\">\n\t\t\t\t<div class=\"elementor-widget-container\">\n\t\t\t<style>\/*! elementor - v3.13.3 - 28-05-2023 *\/\n.elementor-widget-image-box .elementor-image-box-content{width:100%}@media (min-width:768px){.elementor-widget-image-box.elementor-position-left .elementor-image-box-wrapper,.elementor-widget-image-box.elementor-position-right .elementor-image-box-wrapper{display:flex}.elementor-widget-image-box.elementor-position-right .elementor-image-box-wrapper{text-align:right;flex-direction:row-reverse}.elementor-widget-image-box.elementor-position-left .elementor-image-box-wrapper{text-align:left;flex-direction:row}.elementor-widget-image-box.elementor-position-top .elementor-image-box-img{margin:auto}.elementor-widget-image-box.elementor-vertical-align-top .elementor-image-box-wrapper{align-items:flex-start}.elementor-widget-image-box.elementor-vertical-align-middle .elementor-image-box-wrapper{align-items:center}.elementor-widget-image-box.elementor-vertical-align-bottom .elementor-image-box-wrapper{align-items:flex-end}}@media (max-width:767px){.elementor-widget-image-box .elementor-image-box-img{margin-left:auto!important;margin-right:auto!important;margin-bottom:15px}}.elementor-widget-image-box .elementor-image-box-img{display:inline-block}.elementor-widget-image-box .elementor-image-box-title a{color:inherit}.elementor-widget-image-box .elementor-image-box-wrapper{text-align:center}.elementor-widget-image-box .elementor-image-box-description{margin:0}<\/style><div class=\"elementor-image-box-wrapper\"><figure class=\"elementor-image-box-img\"><a href=\"https:\/\/cideim.org.co\/cideim\/programas-especiales\/sihi-lac\/\" target=\"_blank\"><img decoding=\"async\" loading=\"lazy\" width=\"200\" height=\"200\" src=\"https:\/\/cideim.org.co\/cideim\/wp-content\/uploads\/2022\/09\/logo_sihi_lac_programa_especial.png\" class=\"elementor-animation-shrink attachment-full size-full wp-image-410\" alt=\"\" srcset=\"https:\/\/cideim.org.co\/cideim\/wp-content\/uploads\/2022\/09\/logo_sihi_lac_programa_especial.png 200w, https:\/\/cideim.org.co\/cideim\/wp-content\/uploads\/2022\/09\/logo_sihi_lac_programa_especial-150x150.png 150w\" sizes=\"(max-width: 200px) 100vw, 200px\" \/><\/a><\/figure><div class=\"elementor-image-box-content\"><h3 class=\"elementor-image-box-title\"><a href=\"https:\/\/cideim.org.co\/cideim\/programas-especiales\/sihi-lac\/\" target=\"_blank\">Hub de Innovaci\u00f3n Social en Salud<\/a><\/h3><\/div><\/div>\t\t<\/div>\n\t\t\t\t<\/div>\n\t\t\t\t<\/div>\n\t\t<div class=\"elementor-element elementor-element-97508a2 e-con-full e-flex e-con\" data-id=\"97508a2\" data-element_type=\"container\" data-settings=\"{&quot;content_width&quot;:&quot;full&quot;,&quot;_ob_use_container_extras&quot;:&quot;no&quot;,&quot;_ob_column_hoveranimator&quot;:&quot;no&quot;,&quot;_ob_glider_is_slider&quot;:&quot;no&quot;,&quot;_ob_column_has_pseudo&quot;:&quot;no&quot;}\">\n\t\t\t\t<div class=\"elementor-element elementor-element-e910644 elementor-position-top elementor-vertical-align-top ob-has-background-overlay elementor-widget elementor-widget-image-box\" data-id=\"e910644\" data-element_type=\"widget\" data-settings=\"{&quot;_ob_widget_stalker_use&quot;:&quot;no&quot;,&quot;_ob_poopart_use&quot;:&quot;yes&quot;,&quot;_ob_shadough_use&quot;:&quot;no&quot;,&quot;_ob_allow_hoveranimator&quot;:&quot;no&quot;}\" data-widget_type=\"image-box.default\">\n\t\t\t\t<div class=\"elementor-widget-container\">\n\t\t\t<div class=\"elementor-image-box-wrapper\"><figure class=\"elementor-image-box-img\"><a href=\"https:\/\/cideim.org.co\/cideim\/programas-especiales\/tdr-global\/\" target=\"_blank\"><img decoding=\"async\" loading=\"lazy\" width=\"200\" height=\"200\" src=\"https:\/\/cideim.org.co\/cideim\/wp-content\/uploads\/2022\/09\/logo_tdr_global_programa_especial.png\" class=\"elementor-animation-shrink attachment-full size-full wp-image-409\" alt=\"\" srcset=\"https:\/\/cideim.org.co\/cideim\/wp-content\/uploads\/2022\/09\/logo_tdr_global_programa_especial.png 200w, https:\/\/cideim.org.co\/cideim\/wp-content\/uploads\/2022\/09\/logo_tdr_global_programa_especial-150x150.png 150w\" sizes=\"(max-width: 200px) 100vw, 200px\" \/><\/a><\/figure><div class=\"elementor-image-box-content\"><h3 class=\"elementor-image-box-title\"><a href=\"https:\/\/cideim.org.co\/cideim\/programas-especiales\/tdr-global\/\" target=\"_blank\">TDR Global<\/a><\/h3><\/div><\/div>\t\t<\/div>\n\t\t\t\t<\/div>\n\t\t\t\t<\/div>\n\t\t<div class=\"elementor-element elementor-element-b99c3e0 e-con-full e-flex e-con\" data-id=\"b99c3e0\" data-element_type=\"container\" data-settings=\"{&quot;content_width&quot;:&quot;full&quot;,&quot;_ob_use_container_extras&quot;:&quot;no&quot;,&quot;_ob_column_hoveranimator&quot;:&quot;no&quot;,&quot;_ob_glider_is_slider&quot;:&quot;no&quot;,&quot;_ob_column_has_pseudo&quot;:&quot;no&quot;}\">\n\t\t\t\t<div class=\"elementor-element elementor-element-30a98cb elementor-position-top elementor-vertical-align-top ob-has-background-overlay elementor-widget elementor-widget-image-box\" data-id=\"30a98cb\" data-element_type=\"widget\" data-settings=\"{&quot;_ob_widget_stalker_use&quot;:&quot;no&quot;,&quot;_ob_poopart_use&quot;:&quot;yes&quot;,&quot;_ob_shadough_use&quot;:&quot;no&quot;,&quot;_ob_allow_hoveranimator&quot;:&quot;no&quot;}\" data-widget_type=\"image-box.default\">\n\t\t\t\t<div class=\"elementor-widget-container\">\n\t\t\t<div class=\"elementor-image-box-wrapper\"><figure class=\"elementor-image-box-img\"><a href=\"https:\/\/cideim.org.co\/cideim\/programas-especiales\/lac-rct\/\" target=\"_blank\"><img decoding=\"async\" loading=\"lazy\" width=\"200\" height=\"200\" src=\"https:\/\/cideim.org.co\/cideim\/wp-content\/uploads\/2022\/09\/logo_lac_rtc_programa_especial.png\" class=\"elementor-animation-shrink attachment-full size-full wp-image-411\" alt=\"\" srcset=\"https:\/\/cideim.org.co\/cideim\/wp-content\/uploads\/2022\/09\/logo_lac_rtc_programa_especial.png 200w, https:\/\/cideim.org.co\/cideim\/wp-content\/uploads\/2022\/09\/logo_lac_rtc_programa_especial-150x150.png 150w\" sizes=\"(max-width: 200px) 100vw, 200px\" \/><\/a><\/figure><div class=\"elementor-image-box-content\"><h3 class=\"elementor-image-box-title\"><a href=\"https:\/\/cideim.org.co\/cideim\/programas-especiales\/lac-rct\/\" target=\"_blank\">Centro y Red Regional de Entrenamiento<\/a><\/h3><\/div><\/div>\t\t<\/div>\n\t\t\t\t<\/div>\n\t\t\t\t<\/div>\n\t\t<div class=\"elementor-element elementor-element-23624a1 e-con-full e-flex e-con\" data-id=\"23624a1\" data-element_type=\"container\" data-settings=\"{&quot;content_width&quot;:&quot;full&quot;,&quot;_ob_use_container_extras&quot;:&quot;no&quot;,&quot;_ob_column_hoveranimator&quot;:&quot;no&quot;,&quot;_ob_glider_is_slider&quot;:&quot;no&quot;,&quot;_ob_column_has_pseudo&quot;:&quot;no&quot;}\">\n\t\t\t\t<\/div>\n\t\t<div class=\"elementor-element elementor-element-8438ee3 e-con-full e-flex e-con\" data-id=\"8438ee3\" data-element_type=\"container\" data-settings=\"{&quot;content_width&quot;:&quot;full&quot;,&quot;_ob_use_container_extras&quot;:&quot;no&quot;,&quot;_ob_column_hoveranimator&quot;:&quot;no&quot;,&quot;_ob_glider_is_slider&quot;:&quot;no&quot;,&quot;_ob_column_has_pseudo&quot;:&quot;no&quot;}\">\n\t\t\t\t<\/div>\n\t\t<div class=\"elementor-element elementor-element-d58ebee e-con-full e-flex e-con\" data-id=\"d58ebee\" data-element_type=\"container\" data-settings=\"{&quot;content_width&quot;:&quot;full&quot;,&quot;_ob_use_container_extras&quot;:&quot;no&quot;,&quot;_ob_column_hoveranimator&quot;:&quot;no&quot;,&quot;_ob_glider_is_slider&quot;:&quot;no&quot;,&quot;_ob_column_has_pseudo&quot;:&quot;no&quot;}\">\n\t\t\t\t<\/div>\n\t\t\t\t\t<\/div>\n\t\t\t\t<\/div>\n\t\t\t\t\t\t\t<\/div>\n\t\t","protected":false},"excerpt":{"rendered":"<p>Con el respaldo del Programa Especial para el Entrenamiento e Investigaci\u00f3n en Enfermedades Tropicales (TDR) de la Organizaci\u00f3n Mundial de la Salud (OMS), nos posicionamos como el Centro y Red Regional de Entrenamiento para Latinoam\u00e9rica y el Caribe, y como el nodo regional de la Iniciativa Global de Innovaci\u00f3n Social en Salud (SIHI) y del [&hellip;]<\/p>\n","protected":false},"author":1,"featured_media":0,"parent":0,"menu_order":0,"comment_status":"closed","ping_status":"closed","template":"","meta":{"footnotes":""},"tipo_de_pagina":[],"acf":[],"yoast_head":"<!-- This site is optimized with the Yoast SEO plugin v20.9 - https:\/\/yoast.com\/wordpress\/plugins\/seo\/ -->\n<title>Programas especiales - Centro Internacional de Entrenamiento e Investigaciones M\u00e9dicas<\/title>\n<meta name=\"robots\" content=\"index, follow, max-snippet:-1, max-image-preview:large, max-video-preview:-1\" \/>\n<link rel=\"canonical\" href=\"https:\/\/cideim.org.co\/cideim\/programas-especiales\/\" \/>\n<meta property=\"og:locale\" content=\"es_ES\" \/>\n<meta property=\"og:type\" content=\"article\" \/>\n<meta property=\"og:title\" content=\"Programas especiales - Centro Internacional de Entrenamiento e Investigaciones M\u00e9dicas\" \/>\n<meta property=\"og:description\" content=\"Con el respaldo del Programa Especial para el Entrenamiento e Investigaci\u00f3n en Enfermedades Tropicales (TDR) de la Organizaci\u00f3n Mundial de la Salud (OMS), nos posicionamos como el Centro y Red Regional de Entrenamiento para Latinoam\u00e9rica y el Caribe, y como el nodo regional de la Iniciativa Global de Innovaci\u00f3n Social en Salud (SIHI) y del [&hellip;]\" \/>\n<meta property=\"og:url\" content=\"https:\/\/cideim.org.co\/cideim\/programas-especiales\/\" \/>\n<meta property=\"og:site_name\" content=\"Centro Internacional de Entrenamiento e Investigaciones M\u00e9dicas\" \/>\n<meta property=\"article:publisher\" content=\"https:\/\/www.facebook.com\/cideim\" \/>\n<meta property=\"article:modified_time\" content=\"2025-10-01T16:40:31+00:00\" \/>\n<meta property=\"og:image\" content=\"https:\/\/cideim.org.co\/cideim\/wp-content\/uploads\/2022\/09\/logo_sihi_lac_programa_especial.png\" \/>\n<meta name=\"twitter:card\" content=\"summary_large_image\" \/>\n<meta name=\"twitter:label1\" content=\"Tiempo estimado de lectura\" \/>\n\t<meta name=\"twitter:data1\" content=\"2 minutos\" \/>\n<script type=\"application\/ld+json\" class=\"yoast-schema-graph\">{\"@context\":\"https:\/\/schema.org\",\"@graph\":[{\"@type\":\"WebPage\",\"@id\":\"https:\/\/cideim.org.co\/cideim\/programas-especiales\/\",\"url\":\"https:\/\/cideim.org.co\/cideim\/programas-especiales\/\",\"name\":\"Programas especiales - Centro Internacional de Entrenamiento e Investigaciones M\u00e9dicas\",\"isPartOf\":{\"@id\":\"https:\/\/cideim.org.co\/cideim\/#website\"},\"datePublished\":\"2022-12-14T13:00:08+00:00\",\"dateModified\":\"2025-10-01T16:40:31+00:00\",\"breadcrumb\":{\"@id\":\"https:\/\/cideim.org.co\/cideim\/programas-especiales\/#breadcrumb\"},\"inLanguage\":\"es-CO\",\"potentialAction\":[{\"@type\":\"ReadAction\",\"target\":[\"https:\/\/cideim.org.co\/cideim\/programas-especiales\/\"]}]},{\"@type\":\"BreadcrumbList\",\"@id\":\"https:\/\/cideim.org.co\/cideim\/programas-especiales\/#breadcrumb\",\"itemListElement\":[{\"@type\":\"ListItem\",\"position\":1,\"name\":\"Inicio\",\"item\":\"https:\/\/cideim.org.co\/cideim\/\"},{\"@type\":\"ListItem\",\"position\":2,\"name\":\"Programas especiales\"}]},{\"@type\":\"WebSite\",\"@id\":\"https:\/\/cideim.org.co\/cideim\/#website\",\"url\":\"https:\/\/cideim.org.co\/cideim\/\",\"name\":\"CIDEIM | Centro Internacional de Entrenamiento e Investigaciones M\u00e9dicas\",\"description\":\"CIDEIM\",\"publisher\":{\"@id\":\"https:\/\/cideim.org.co\/cideim\/#organization\"},\"potentialAction\":[{\"@type\":\"SearchAction\",\"target\":{\"@type\":\"EntryPoint\",\"urlTemplate\":\"https:\/\/cideim.org.co\/cideim\/?s={search_term_string}\"},\"query-input\":\"required name=search_term_string\"}],\"inLanguage\":\"es-CO\"},{\"@type\":\"Organization\",\"@id\":\"https:\/\/cideim.org.co\/cideim\/#organization\",\"name\":\"Centro Internacional de Entrenamiento e Investigaciones M\u00e9dicas\",\"url\":\"https:\/\/cideim.org.co\/cideim\/\",\"logo\":{\"@type\":\"ImageObject\",\"inLanguage\":\"es-CO\",\"@id\":\"https:\/\/cideim.org.co\/cideim\/#\/schema\/logo\/image\/\",\"url\":\"https:\/\/cideim.org.co\/cideim\/wp-content\/uploads\/2022\/06\/Logo-cideim-1.svg\",\"contentUrl\":\"https:\/\/cideim.org.co\/cideim\/wp-content\/uploads\/2022\/06\/Logo-cideim-1.svg\",\"width\":193,\"height\":143,\"caption\":\"Centro Internacional de Entrenamiento e Investigaciones M\u00e9dicas\"},\"image\":{\"@id\":\"https:\/\/cideim.org.co\/cideim\/#\/schema\/logo\/image\/\"},\"sameAs\":[\"https:\/\/www.facebook.com\/cideim\",\"https:\/\/www.linkedin.com\/company\/cideim\/\"]}]}<\/script>\n<!-- \/ Yoast SEO plugin. -->","yoast_head_json":{"title":"Programas especiales - Centro Internacional de Entrenamiento e Investigaciones M\u00e9dicas","robots":{"index":"index","follow":"follow","max-snippet":"max-snippet:-1","max-image-preview":"max-image-preview:large","max-video-preview":"max-video-preview:-1"},"canonical":"https:\/\/cideim.org.co\/cideim\/programas-especiales\/","og_locale":"es_ES","og_type":"article","og_title":"Programas especiales - Centro Internacional de Entrenamiento e Investigaciones M\u00e9dicas","og_description":"Con el respaldo del Programa Especial para el Entrenamiento e Investigaci\u00f3n en Enfermedades Tropicales (TDR) de la Organizaci\u00f3n Mundial de la Salud (OMS), nos posicionamos como el Centro y Red Regional de Entrenamiento para Latinoam\u00e9rica y el Caribe, y como el nodo regional de la Iniciativa Global de Innovaci\u00f3n Social en Salud (SIHI) y del [&hellip;]","og_url":"https:\/\/cideim.org.co\/cideim\/programas-especiales\/","og_site_name":"Centro Internacional de Entrenamiento e Investigaciones M\u00e9dicas","article_publisher":"https:\/\/www.facebook.com\/cideim","article_modified_time":"2025-10-01T16:40:31+00:00","og_image":[{"url":"https:\/\/cideim.org.co\/cideim\/wp-content\/uploads\/2022\/09\/logo_sihi_lac_programa_especial.png"}],"twitter_card":"summary_large_image","twitter_misc":{"Tiempo estimado de lectura":"2 minutos"},"schema":{"@context":"https:\/\/schema.org","@graph":[{"@type":"WebPage","@id":"https:\/\/cideim.org.co\/cideim\/programas-especiales\/","url":"https:\/\/cideim.org.co\/cideim\/programas-especiales\/","name":"Programas especiales - Centro Internacional de Entrenamiento e Investigaciones M\u00e9dicas","isPartOf":{"@id":"https:\/\/cideim.org.co\/cideim\/#website"},"datePublished":"2022-12-14T13:00:08+00:00","dateModified":"2025-10-01T16:40:31+00:00","breadcrumb":{"@id":"https:\/\/cideim.org.co\/cideim\/programas-especiales\/#breadcrumb"},"inLanguage":"es-CO","potentialAction":[{"@type":"ReadAction","target":["https:\/\/cideim.org.co\/cideim\/programas-especiales\/"]}]},{"@type":"BreadcrumbList","@id":"https:\/\/cideim.org.co\/cideim\/programas-especiales\/#breadcrumb","itemListElement":[{"@type":"ListItem","position":1,"name":"Inicio","item":"https:\/\/cideim.org.co\/cideim\/"},{"@type":"ListItem","position":2,"name":"Programas especiales"}]},{"@type":"WebSite","@id":"https:\/\/cideim.org.co\/cideim\/#website","url":"https:\/\/cideim.org.co\/cideim\/","name":"CIDEIM | Centro Internacional de Entrenamiento e Investigaciones M\u00e9dicas","description":"CIDEIM","publisher":{"@id":"https:\/\/cideim.org.co\/cideim\/#organization"},"potentialAction":[{"@type":"SearchAction","target":{"@type":"EntryPoint","urlTemplate":"https:\/\/cideim.org.co\/cideim\/?s={search_term_string}"},"query-input":"required name=search_term_string"}],"inLanguage":"es-CO"},{"@type":"Organization","@id":"https:\/\/cideim.org.co\/cideim\/#organization","name":"Centro Internacional de Entrenamiento e Investigaciones M\u00e9dicas","url":"https:\/\/cideim.org.co\/cideim\/","logo":{"@type":"ImageObject","inLanguage":"es-CO","@id":"https:\/\/cideim.org.co\/cideim\/#\/schema\/logo\/image\/","url":"https:\/\/cideim.org.co\/cideim\/wp-content\/uploads\/2022\/06\/Logo-cideim-1.svg","contentUrl":"https:\/\/cideim.org.co\/cideim\/wp-content\/uploads\/2022\/06\/Logo-cideim-1.svg","width":193,"height":143,"caption":"Centro Internacional de Entrenamiento e Investigaciones M\u00e9dicas"},"image":{"@id":"https:\/\/cideim.org.co\/cideim\/#\/schema\/logo\/image\/"},"sameAs":["https:\/\/www.facebook.com\/cideim","https:\/\/www.linkedin.com\/company\/cideim\/"]}]}},"_links":{"self":[{"href":"https:\/\/cideim.org.co\/cideim\/wp-json\/wp\/v2\/pages\/1062"}],"collection":[{"href":"https:\/\/cideim.org.co\/cideim\/wp-json\/wp\/v2\/pages"}],"about":[{"href":"https:\/\/cideim.org.co\/cideim\/wp-json\/wp\/v2\/types\/page"}],"author":[{"embeddable":true,"href":"https:\/\/cideim.org.co\/cideim\/wp-json\/wp\/v2\/users\/1"}],"replies":[{"embeddable":true,"href":"https:\/\/cideim.org.co\/cideim\/wp-json\/wp\/v2\/comments?post=1062"}],"version-history":[{"count":57,"href":"https:\/\/cideim.org.co\/cideim\/wp-json\/wp\/v2\/pages\/1062\/revisions"}],"predecessor-version":[{"id":10921,"href":"https:\/\/cideim.org.co\/cideim\/wp-json\/wp\/v2\/pages\/1062\/revisions\/10921"}],"wp:attachment":[{"href":"https:\/\/cideim.org.co\/cideim\/wp-json\/wp\/v2\/media?parent=1062"}],"wp:term":[{"taxonomy":"tipo_de_pagina","embeddable":true,"href":"https:\/\/cideim.org.co\/cideim\/wp-json\/wp\/v2\/tipo_de_pagina?post=1062"}],"curies":[{"name":"wp","href":"https:\/\/api.w.org\/{rel}","templated":true}]}}