{"id":1162,"date":"2022-12-14T14:27:55","date_gmt":"2022-12-14T19:27:55","guid":{"rendered":"https:\/\/cideim.soypartner.com\/?page_id=1162"},"modified":"2025-10-10T11:45:14","modified_gmt":"2025-10-10T16:45:14","slug":"servicios","status":"publish","type":"page","link":"https:\/\/cideim.org.co\/cideim\/servicios\/","title":{"rendered":"Servicios"},"content":{"rendered":"\t\t<div data-elementor-type=\"wp-page\" data-elementor-id=\"1162\" class=\"elementor elementor-1162\">\n\t\t\t\t\t\t\t\t\t<section class=\"elementor-section elementor-top-section elementor-element elementor-element-9e33c5d elementor-section-height-min-height elementor-section-items-stretch elementor-section-content-top elementor-section-boxed elementor-section-height-default\" data-id=\"9e33c5d\" data-element_type=\"section\" data-settings=\"{&quot;_ob_glider_is_slider&quot;:&quot;no&quot;}\">\n\t\t\t\t\t\t<div class=\"elementor-container elementor-column-gap-default\">\n\t\t\t\t\t<div class=\"elementor-column elementor-col-100 elementor-top-column elementor-element elementor-element-79e46f2\" data-id=\"79e46f2\" data-element_type=\"column\" data-settings=\"{&quot;_ob_column_hoveranimator&quot;:&quot;no&quot;,&quot;_ob_column_has_pseudo&quot;:&quot;no&quot;}\">\n\t\t\t<div class=\"elementor-widget-wrap elementor-element-populated\">\n\t\t\t\t\t\t\t\t<div class=\"elementor-element elementor-element-b39450a ob-has-background-overlay elementor-widget elementor-widget-eael-adv-accordion\" data-id=\"b39450a\" data-element_type=\"widget\" data-settings=\"{&quot;_ob_widget_stalker_use&quot;:&quot;no&quot;,&quot;_ob_poopart_use&quot;:&quot;yes&quot;,&quot;_ob_shadough_use&quot;:&quot;no&quot;,&quot;_ob_allow_hoveranimator&quot;:&quot;no&quot;}\" data-widget_type=\"eael-adv-accordion.default\">\n\t\t\t\t<div class=\"elementor-widget-container\">\n\t\t\t        <div class=\"eael-adv-accordion\" id=\"eael-adv-accordion-b39450a\" data-accordion-id=\"b39450a\" data-accordion-type=\"accordion\" data-toogle-speed=\"300\">\n    <div class=\"eael-accordion-list\">\n                <div id=\"atencion-medica\" class=\"elementor-tab-title eael-accordion-header\" tabindex=\"1881\" data-tab=\"1\" aria-controls=\"elementor-tab-content-1881\"><span class=\"eael-advanced-accordion-icon-closed\"><i aria-hidden=\"true\" class=\"fa-accordion-icon fas fa-hand-holding-medical\"><\/i><\/span><span class=\"eael-advanced-accordion-icon-opened\"><i aria-hidden=\"true\" class=\"fa-accordion-icon fas fa-hand-holding-medical\"><\/i><\/span><span class=\"eael-accordion-tab-title\">Atenci\u00f3n m\u00e9dica<\/span><i aria-hidden=\"true\" class=\"fa-toggle fas fa-angle-right\"><\/i><\/div><div id=\"elementor-tab-content-1881\" class=\"eael-accordion-content clearfix\" data-tab=\"1\" aria-labelledby=\"atencion-medica\"><p><p><span style=\"color: #333333;\">Ofrecemos y garantizamos atenci\u00f3n m\u00e9dica integral oportuna a pacientes y\/o voluntarios de investigaci\u00f3n con enfermedades infecciosas de inter\u00e9s en salud p\u00fablica, con mayor nivel de experticia en leishmaniasis y s\u00edfilis.<\/span><\/p><p><span style=\"color: #333333;\">Brindamos el servicio en nuestra IPS sede Cali y sede Tumaco.<\/span><\/p><h2 style=\"text-align: center;\"><strong>IPS CALI<\/strong><\/h2><p><iframe loading=\"lazy\" style=\"border: 0;\" src=\"https:\/\/www.google.com\/maps\/embed?pb=!1m18!1m12!1m3!1d3983.0459775881845!2d-76.5310084242024!3d3.3388121519557767!2m3!1f0!2f0!3f0!3m2!1i1024!2i768!4f13.1!3m3!1m2!1s0x8e30a1e99ef0be09%3A0xb3a3ab5f9dce6cf!2sCIDEIM!5e0!3m2!1ses-419!2sco!4v1702414975777!5m2!1ses-419!2sco\" width=\"400\" height=\"300\" allowfullscreen=\"allowfullscreen\"><\/iframe><\/p><ul><li><span style=\"font-weight: 400;\">Direcci\u00f3n: <\/span><span style=\"font-weight: 400;\">Calle 18 # 122-135 Campus de la Universidad Icesi (Edificio O-CIDEIM)<\/span><\/li><li><span style=\"font-weight: 400;\">Tel\u00e9fono: (602) 5552164<\/span><\/li><li><span style=\"font-weight: 400;\">Horarios de atenci\u00f3n:\u00a0<\/span><span style=\"font-weight: 400;\">Lunes a viernes de 7:30 a. m. a 12:00 m. \/ 1:00 p. m. a 5:30 p. m.<\/span><\/li><\/ul><h2 style=\"text-align: center;\"><strong>IPS TUMACO<\/strong><\/h2><p><iframe loading=\"lazy\" style=\"border: 0;\" src=\"https:\/\/www.google.com\/maps\/embed?pb=!1m18!1m12!1m3!1d3987.839745905912!2d-78.76814102420026!3d1.8044930599441278!2m3!1f0!2f0!3f0!3m2!1i1024!2i768!4f13.1!3m3!1m2!1s0x8e2d020dcf572d9f%3A0xe9c442a8c56cd0f4!2sCIDEIM!5e0!3m2!1ses-419!2sco!4v1702415306835!5m2!1ses-419!2sco\" width=\"400\" height=\"300\" allowfullscreen=\"allowfullscreen\"><\/iframe><\/p><ul><li><span style=\"font-weight: 400;\">Direcci\u00f3n: <\/span><span style=\"font-weight: 400;\">Calle Sucre, frente al Banco de Bogot\u00e1<\/span><\/li><li><span style=\"font-weight: 400;\">Tel\u00e9fonos: (602) 727 2566 - (+57) 3183472019<\/span><\/li><li><span style=\"font-weight: 400;\">Horarios de atenci\u00f3n:\u00a0<\/span><span style=\"font-weight: 400;\">Lunes a viernes de 7:30 a. m. a 12:00 m. \/ 1:00 p. m. a 5:30 p. m. <\/span><\/li><\/ul><\/p><\/div>\n                <\/div><div class=\"eael-accordion-list\">\n                <div id=\"pruebas-diagnosticas\" class=\"elementor-tab-title eael-accordion-header\" tabindex=\"1882\" data-tab=\"2\" aria-controls=\"elementor-tab-content-1882\"><span class=\"eael-advanced-accordion-icon-closed\"><i aria-hidden=\"true\" class=\"fa-accordion-icon fas fa-microscope\"><\/i><\/span><span class=\"eael-advanced-accordion-icon-opened\"><i aria-hidden=\"true\" class=\"fa-accordion-icon fas fa-microscope\"><\/i><\/span><span class=\"eael-accordion-tab-title\">Pruebas diagn\u00f3sticas<\/span><i aria-hidden=\"true\" class=\"fa-toggle fas fa-angle-right\"><\/i><\/div><div id=\"elementor-tab-content-1882\" class=\"eael-accordion-content clearfix\" data-tab=\"2\" aria-labelledby=\"pruebas-diagnosticas\"><p><p><strong>Diagn\u00f3stico de Leishmaniasis <\/strong><span style=\"font-weight: 400;\">\u00a0<\/span><\/p><ul><li style=\"font-weight: 400;\" aria-level=\"1\"><span style=\"font-weight: 400;\">Examen directo para diagn\u00f3stico de leishmaniasis cut\u00e1nea o mucocut\u00e1nea\u00a0<\/span><\/li><li style=\"font-weight: 400;\" aria-level=\"1\"><span style=\"font-weight: 400;\">Cultivo de aspirado de lesi\u00f3n cut\u00e1nea y mucocut\u00e1nea\u00a0<\/span><\/li><\/ul><ul><li style=\"font-weight: 400;\" aria-level=\"1\"><span style=\"font-weight: 400;\">Cultivo de biopsia de lesi\u00f3n mucosa o cut\u00e1nea\u00a0<\/span><\/li><\/ul><p><span style=\"font-weight: 400;\">\u00a0<\/span><\/p><p><strong>Diagn\u00f3stico de SARS-CoV-2.\u00a0<\/strong><\/p><ul><li style=\"font-weight: 400;\" aria-level=\"1\"><span style=\"font-weight: 400;\">RT-qPCR\u00a0\u00a0<\/span><\/li><li style=\"font-weight: 400;\" aria-level=\"1\"><span style=\"font-weight: 400;\"><span style=\"font-weight: 400;\">Prueba de ant\u00edgenos<\/span><\/span><p>\u00a0<\/p><\/li><\/ul><p><strong>Diagn\u00f3stico y pruebas de susceptibilidad de Tuberculosis\u00a0\u00a0<\/strong><\/p><ul><li style=\"font-weight: 400;\" aria-level=\"1\"><span style=\"font-weight: 400;\">Diagn\u00f3stico molecular (Xpert MTB RIF\/ULTRA)\u00a0<\/span><\/li><li style=\"font-weight: 400;\" aria-level=\"1\"><span style=\"font-weight: 400;\"><span style=\"font-weight: 400;\">Prueba molecular para detecci\u00f3n de resistencia a medicamentos (Xpert MTB-XDR)<\/span><\/span><p>\u00a0<\/p><\/li><\/ul><p><strong>Diagn\u00f3stico de Dengue<\/strong><\/p><ul><li style=\"font-weight: 400;\" aria-level=\"1\"><span style=\"font-weight: 400;\">Prueba inmunocromatogr\u00e1fica (NS1-IgG\/IgM)<\/span><span style=\"font-weight: 400;\">\u00a0<\/span><\/li><\/ul><h3>Cont\u00e1ctenos:<\/h3><p><span style=\"color: #333333;\">\u00c1lvaro Mauricio Lasso<\/span><br \/><span style=\"color: #333333;\">Gerente Laboratorio de Diagn\u00f3stico Molecular<\/span><br \/><span style=\"color: #333333;\">Ext. 1220\u00a0<\/span><\/p><\/p><\/div>\n                <\/div><div class=\"eael-accordion-list\">\n                <div id=\"centro-de-recursos-biologicos\" class=\"elementor-tab-title eael-accordion-header\" tabindex=\"1883\" data-tab=\"3\" aria-controls=\"elementor-tab-content-1883\"><span class=\"eael-advanced-accordion-icon-closed\"><i aria-hidden=\"true\" class=\"fa-accordion-icon fas fa-vial\"><\/i><\/span><span class=\"eael-advanced-accordion-icon-opened\"><i aria-hidden=\"true\" class=\"fa-accordion-icon fas fa-vial\"><\/i><\/span><span class=\"eael-accordion-tab-title\">Biobanco<\/span><i aria-hidden=\"true\" class=\"fa-toggle fas fa-angle-right\"><\/i><\/div><div id=\"elementor-tab-content-1883\" class=\"eael-accordion-content clearfix\" data-tab=\"3\" aria-labelledby=\"centro-de-recursos-biologicos\"><p><ul><li><span style=\"font-weight: 400;\"><span style=\"font-weight: 400;\">Validaci\u00f3n secundaria de pruebas diagn\u00f3sticas.<\/span><\/span><\/li><li><span style=\"font-weight: 400;\"><span style=\"font-weight: 400;\">Servicios de custodia y almacenamiento de muestras (ultracongelaci\u00f3n -80\u00b0C y nitr\u00f3geno l\u00edquido -196\u00b0C).<\/span><\/span><\/li><li><span style=\"font-weight: 400;\"><span style=\"font-weight: 400;\">Separaci\u00f3n de c\u00e9lulas mononucleares (PBMC\u00b4s).<\/span><\/span><\/li><li><span style=\"font-weight: 400;\"><span style=\"font-weight: 400;\">Separaci\u00f3n de componentes y alicuotado de muestras l\u00edquidas.<\/span><\/span><\/li><li><span style=\"font-weight: 400;\">Distribuci\u00f3n de cepas de referencia de <\/span><i><span style=\"font-weight: 400;\">Leishmania<\/span><\/i><span style=\"font-weight: 400;\"> de la Organizaci\u00f3n Mundial de la Salud (OMS).\u00a0<\/span><\/li><li><span style=\"font-weight: 400;\">Tipificaci\u00f3n de cepas de <\/span><i><span style=\"font-weight: 400;\">Leishmania:<\/span><\/i><\/li><li style=\"list-style-type: none;\"><ul><li>Anticuerpos monoclonales (IFAT, por sus siglas en ingl\u00e9s)\u00a0<\/li><li><span style=\"font-weight: 400;\">Isoenzimas<\/span><\/li><\/ul><\/li><\/ul><h3><span style=\"font-size: 16px;\">\u21d2\u00a0<a href=\"https:\/\/cideim.org.co\/cideim\/wp-content\/uploads\/2025\/03\/brochure_biobanco_cideim.pdf\" target=\"_blank\" rel=\"noopener\">Consulta nuestro portafolio de servicios<\/a><\/span><\/h3><p>\u00a0<\/p><h3>Cont\u00e1ctenos:<\/h3><p>Maryury Delgado<br \/>Coordinadora Biobanco<br \/>Ext. 1402<\/p><\/p><\/div>\n                <\/div><\/div>\t\t<\/div>\n\t\t\t\t<\/div>\n\t\t\t\t\t<\/div>\n\t\t<\/div>\n\t\t\t\t\t\t\t<\/div>\n\t\t<\/section>\n\t\t\t\t\t\t\t<\/div>\n\t\t","protected":false},"excerpt":{"rendered":"<p>Atenci\u00f3n m\u00e9dica Ofrecemos y garantizamos atenci\u00f3n m\u00e9dica integral oportuna a pacientes y\/o voluntarios de investigaci\u00f3n con enfermedades infecciosas de inter\u00e9s en salud p\u00fablica, con mayor nivel de experticia en leishmaniasis y s\u00edfilis. Brindamos el servicio en nuestra IPS sede Cali y sede Tumaco. IPS CALI Direcci\u00f3n: Calle 18 # 122-135 Campus de la Universidad Icesi [&hellip;]<\/p>\n","protected":false},"author":1,"featured_media":0,"parent":0,"menu_order":0,"comment_status":"closed","ping_status":"closed","template":"","meta":{"footnotes":""},"tipo_de_pagina":[],"acf":[],"yoast_head":"<!-- This site is optimized with the Yoast SEO plugin v20.9 - https:\/\/yoast.com\/wordpress\/plugins\/seo\/ -->\n<title>Servicios - Centro Internacional de Entrenamiento e Investigaciones M\u00e9dicas<\/title>\n<meta name=\"description\" content=\"Servicios disponibles en CIDEIM: Biobanco; atenci\u00f3n m\u00e9dica; pruebas diagn\u00f3sticas para leishmaniasis, SARS-CoV-2, tuberculosis, dengue.\" \/>\n<meta name=\"robots\" content=\"index, follow, max-snippet:-1, max-image-preview:large, max-video-preview:-1\" \/>\n<link rel=\"canonical\" href=\"https:\/\/cideim.org.co\/cideim\/servicios\/\" \/>\n<meta property=\"og:locale\" content=\"es_ES\" \/>\n<meta property=\"og:type\" content=\"article\" \/>\n<meta property=\"og:title\" content=\"Servicios - Centro Internacional de Entrenamiento e Investigaciones M\u00e9dicas\" \/>\n<meta property=\"og:description\" content=\"Servicios disponibles en CIDEIM: Biobanco; atenci\u00f3n m\u00e9dica; pruebas diagn\u00f3sticas para leishmaniasis, SARS-CoV-2, tuberculosis, dengue.\" \/>\n<meta property=\"og:url\" content=\"https:\/\/cideim.org.co\/cideim\/servicios\/\" \/>\n<meta property=\"og:site_name\" content=\"Centro Internacional de Entrenamiento e Investigaciones M\u00e9dicas\" \/>\n<meta property=\"article:publisher\" content=\"https:\/\/www.facebook.com\/cideim\" \/>\n<meta property=\"article:modified_time\" content=\"2025-10-10T16:45:14+00:00\" \/>\n<meta name=\"twitter:card\" content=\"summary_large_image\" \/>\n<meta name=\"twitter:label1\" content=\"Tiempo estimado de lectura\" \/>\n\t<meta name=\"twitter:data1\" content=\"2 minutos\" \/>\n<script type=\"application\/ld+json\" class=\"yoast-schema-graph\">{\"@context\":\"https:\/\/schema.org\",\"@graph\":[{\"@type\":\"WebPage\",\"@id\":\"https:\/\/cideim.org.co\/cideim\/servicios\/\",\"url\":\"https:\/\/cideim.org.co\/cideim\/servicios\/\",\"name\":\"Servicios - Centro Internacional de Entrenamiento e Investigaciones M\u00e9dicas\",\"isPartOf\":{\"@id\":\"https:\/\/cideim.org.co\/cideim\/#website\"},\"datePublished\":\"2022-12-14T19:27:55+00:00\",\"dateModified\":\"2025-10-10T16:45:14+00:00\",\"description\":\"Servicios disponibles en CIDEIM: Biobanco; atenci\u00f3n m\u00e9dica; pruebas diagn\u00f3sticas para leishmaniasis, SARS-CoV-2, tuberculosis, dengue.\",\"breadcrumb\":{\"@id\":\"https:\/\/cideim.org.co\/cideim\/servicios\/#breadcrumb\"},\"inLanguage\":\"es-CO\",\"potentialAction\":[{\"@type\":\"ReadAction\",\"target\":[\"https:\/\/cideim.org.co\/cideim\/servicios\/\"]}]},{\"@type\":\"BreadcrumbList\",\"@id\":\"https:\/\/cideim.org.co\/cideim\/servicios\/#breadcrumb\",\"itemListElement\":[{\"@type\":\"ListItem\",\"position\":1,\"name\":\"Inicio\",\"item\":\"https:\/\/cideim.org.co\/cideim\/\"},{\"@type\":\"ListItem\",\"position\":2,\"name\":\"Servicios\"}]},{\"@type\":\"WebSite\",\"@id\":\"https:\/\/cideim.org.co\/cideim\/#website\",\"url\":\"https:\/\/cideim.org.co\/cideim\/\",\"name\":\"CIDEIM | Centro Internacional de Entrenamiento e Investigaciones M\u00e9dicas\",\"description\":\"CIDEIM\",\"publisher\":{\"@id\":\"https:\/\/cideim.org.co\/cideim\/#organization\"},\"potentialAction\":[{\"@type\":\"SearchAction\",\"target\":{\"@type\":\"EntryPoint\",\"urlTemplate\":\"https:\/\/cideim.org.co\/cideim\/?s={search_term_string}\"},\"query-input\":\"required name=search_term_string\"}],\"inLanguage\":\"es-CO\"},{\"@type\":\"Organization\",\"@id\":\"https:\/\/cideim.org.co\/cideim\/#organization\",\"name\":\"Centro Internacional de Entrenamiento e Investigaciones M\u00e9dicas\",\"url\":\"https:\/\/cideim.org.co\/cideim\/\",\"logo\":{\"@type\":\"ImageObject\",\"inLanguage\":\"es-CO\",\"@id\":\"https:\/\/cideim.org.co\/cideim\/#\/schema\/logo\/image\/\",\"url\":\"https:\/\/cideim.org.co\/cideim\/wp-content\/uploads\/2022\/06\/Logo-cideim-1.svg\",\"contentUrl\":\"https:\/\/cideim.org.co\/cideim\/wp-content\/uploads\/2022\/06\/Logo-cideim-1.svg\",\"width\":193,\"height\":143,\"caption\":\"Centro Internacional de Entrenamiento e Investigaciones M\u00e9dicas\"},\"image\":{\"@id\":\"https:\/\/cideim.org.co\/cideim\/#\/schema\/logo\/image\/\"},\"sameAs\":[\"https:\/\/www.facebook.com\/cideim\",\"https:\/\/www.linkedin.com\/company\/cideim\/\"]}]}<\/script>\n<!-- \/ Yoast SEO plugin. -->","yoast_head_json":{"title":"Servicios - Centro Internacional de Entrenamiento e Investigaciones M\u00e9dicas","description":"Servicios disponibles en CIDEIM: Biobanco; atenci\u00f3n m\u00e9dica; pruebas diagn\u00f3sticas para leishmaniasis, SARS-CoV-2, tuberculosis, dengue.","robots":{"index":"index","follow":"follow","max-snippet":"max-snippet:-1","max-image-preview":"max-image-preview:large","max-video-preview":"max-video-preview:-1"},"canonical":"https:\/\/cideim.org.co\/cideim\/servicios\/","og_locale":"es_ES","og_type":"article","og_title":"Servicios - Centro Internacional de Entrenamiento e Investigaciones M\u00e9dicas","og_description":"Servicios disponibles en CIDEIM: Biobanco; atenci\u00f3n m\u00e9dica; pruebas diagn\u00f3sticas para leishmaniasis, SARS-CoV-2, tuberculosis, dengue.","og_url":"https:\/\/cideim.org.co\/cideim\/servicios\/","og_site_name":"Centro Internacional de Entrenamiento e Investigaciones M\u00e9dicas","article_publisher":"https:\/\/www.facebook.com\/cideim","article_modified_time":"2025-10-10T16:45:14+00:00","twitter_card":"summary_large_image","twitter_misc":{"Tiempo estimado de lectura":"2 minutos"},"schema":{"@context":"https:\/\/schema.org","@graph":[{"@type":"WebPage","@id":"https:\/\/cideim.org.co\/cideim\/servicios\/","url":"https:\/\/cideim.org.co\/cideim\/servicios\/","name":"Servicios - Centro Internacional de Entrenamiento e Investigaciones M\u00e9dicas","isPartOf":{"@id":"https:\/\/cideim.org.co\/cideim\/#website"},"datePublished":"2022-12-14T19:27:55+00:00","dateModified":"2025-10-10T16:45:14+00:00","description":"Servicios disponibles en CIDEIM: Biobanco; atenci\u00f3n m\u00e9dica; pruebas diagn\u00f3sticas para leishmaniasis, SARS-CoV-2, tuberculosis, dengue.","breadcrumb":{"@id":"https:\/\/cideim.org.co\/cideim\/servicios\/#breadcrumb"},"inLanguage":"es-CO","potentialAction":[{"@type":"ReadAction","target":["https:\/\/cideim.org.co\/cideim\/servicios\/"]}]},{"@type":"BreadcrumbList","@id":"https:\/\/cideim.org.co\/cideim\/servicios\/#breadcrumb","itemListElement":[{"@type":"ListItem","position":1,"name":"Inicio","item":"https:\/\/cideim.org.co\/cideim\/"},{"@type":"ListItem","position":2,"name":"Servicios"}]},{"@type":"WebSite","@id":"https:\/\/cideim.org.co\/cideim\/#website","url":"https:\/\/cideim.org.co\/cideim\/","name":"CIDEIM | Centro Internacional de Entrenamiento e Investigaciones M\u00e9dicas","description":"CIDEIM","publisher":{"@id":"https:\/\/cideim.org.co\/cideim\/#organization"},"potentialAction":[{"@type":"SearchAction","target":{"@type":"EntryPoint","urlTemplate":"https:\/\/cideim.org.co\/cideim\/?s={search_term_string}"},"query-input":"required name=search_term_string"}],"inLanguage":"es-CO"},{"@type":"Organization","@id":"https:\/\/cideim.org.co\/cideim\/#organization","name":"Centro Internacional de Entrenamiento e Investigaciones M\u00e9dicas","url":"https:\/\/cideim.org.co\/cideim\/","logo":{"@type":"ImageObject","inLanguage":"es-CO","@id":"https:\/\/cideim.org.co\/cideim\/#\/schema\/logo\/image\/","url":"https:\/\/cideim.org.co\/cideim\/wp-content\/uploads\/2022\/06\/Logo-cideim-1.svg","contentUrl":"https:\/\/cideim.org.co\/cideim\/wp-content\/uploads\/2022\/06\/Logo-cideim-1.svg","width":193,"height":143,"caption":"Centro Internacional de Entrenamiento e Investigaciones M\u00e9dicas"},"image":{"@id":"https:\/\/cideim.org.co\/cideim\/#\/schema\/logo\/image\/"},"sameAs":["https:\/\/www.facebook.com\/cideim","https:\/\/www.linkedin.com\/company\/cideim\/"]}]}},"_links":{"self":[{"href":"https:\/\/cideim.org.co\/cideim\/wp-json\/wp\/v2\/pages\/1162"}],"collection":[{"href":"https:\/\/cideim.org.co\/cideim\/wp-json\/wp\/v2\/pages"}],"about":[{"href":"https:\/\/cideim.org.co\/cideim\/wp-json\/wp\/v2\/types\/page"}],"author":[{"embeddable":true,"href":"https:\/\/cideim.org.co\/cideim\/wp-json\/wp\/v2\/users\/1"}],"replies":[{"embeddable":true,"href":"https:\/\/cideim.org.co\/cideim\/wp-json\/wp\/v2\/comments?post=1162"}],"version-history":[{"count":107,"href":"https:\/\/cideim.org.co\/cideim\/wp-json\/wp\/v2\/pages\/1162\/revisions"}],"predecessor-version":[{"id":11176,"href":"https:\/\/cideim.org.co\/cideim\/wp-json\/wp\/v2\/pages\/1162\/revisions\/11176"}],"wp:attachment":[{"href":"https:\/\/cideim.org.co\/cideim\/wp-json\/wp\/v2\/media?parent=1162"}],"wp:term":[{"taxonomy":"tipo_de_pagina","embeddable":true,"href":"https:\/\/cideim.org.co\/cideim\/wp-json\/wp\/v2\/tipo_de_pagina?post=1162"}],"curies":[{"name":"wp","href":"https:\/\/api.w.org\/{rel}","templated":true}]}}