{"id":1511,"date":"2022-12-19T17:28:56","date_gmt":"2022-12-19T22:28:56","guid":{"rendered":"https:\/\/cideim.soypartner.com\/?page_id=1511"},"modified":"2026-01-30T16:06:56","modified_gmt":"2026-01-30T21:06:56","slug":"cieh","status":"publish","type":"page","link":"https:\/\/cideim.org.co\/cideim\/nosotros\/cieh\/","title":{"rendered":"Comit\u00e9 Institucional de \u00c9tica de Investigaci\u00f3n en Humanos CIEIH"},"content":{"rendered":"\t\t<div data-elementor-type=\"wp-page\" data-elementor-id=\"1511\" class=\"elementor elementor-1511\">\n\t\t\t\t\t\t\t<div class=\"elementor-element elementor-element-11ef268 e-con-boxed e-flex e-con\" data-id=\"11ef268\" data-element_type=\"container\" data-settings=\"{&quot;content_width&quot;:&quot;boxed&quot;,&quot;_ob_use_container_extras&quot;:&quot;no&quot;,&quot;_ob_column_hoveranimator&quot;:&quot;no&quot;,&quot;_ob_glider_is_slider&quot;:&quot;no&quot;,&quot;_ob_column_has_pseudo&quot;:&quot;no&quot;}\">\n\t\t\t\t\t<div class=\"e-con-inner\">\n\t\t\t\t<div class=\"elementor-element elementor-element-0094e27 ob-harakiri-inherit ob-has-background-overlay elementor-widget elementor-widget-heading\" data-id=\"0094e27\" data-element_type=\"widget\" data-settings=\"{&quot;_ob_use_harakiri&quot;:&quot;yes&quot;,&quot;_ob_harakiri_writing_mode&quot;:&quot;inherit&quot;,&quot;_ob_harakiri_text_clip&quot;:&quot;none&quot;,&quot;_ob_widget_stalker_use&quot;:&quot;no&quot;,&quot;_ob_poopart_use&quot;:&quot;yes&quot;,&quot;_ob_shadough_use&quot;:&quot;no&quot;,&quot;_ob_allow_hoveranimator&quot;:&quot;no&quot;}\" data-widget_type=\"heading.default\">\n\t\t\t\t<div class=\"elementor-widget-container\">\n\t\t\t<style>\/*! elementor - v3.13.3 - 28-05-2023 *\/\n.elementor-heading-title{padding:0;margin:0;line-height:1}.elementor-widget-heading .elementor-heading-title[class*=elementor-size-]>a{color:inherit;font-size:inherit;line-height:inherit}.elementor-widget-heading .elementor-heading-title.elementor-size-small{font-size:15px}.elementor-widget-heading .elementor-heading-title.elementor-size-medium{font-size:19px}.elementor-widget-heading .elementor-heading-title.elementor-size-large{font-size:29px}.elementor-widget-heading .elementor-heading-title.elementor-size-xl{font-size:39px}.elementor-widget-heading .elementor-heading-title.elementor-size-xxl{font-size:59px}<\/style><h1 class=\"elementor-heading-title elementor-size-default\">Nuestro prop\u00f3sito<\/h1>\t\t<\/div>\n\t\t\t\t<\/div>\n\t\t\t\t\t<\/div>\n\t\t\t\t<\/div>\n\t\t\t\t<section class=\"elementor-section elementor-top-section elementor-element elementor-element-2df2c7d4 elementor-section-boxed elementor-section-height-default elementor-section-height-default\" data-id=\"2df2c7d4\" data-element_type=\"section\" data-settings=\"{&quot;_ob_glider_is_slider&quot;:&quot;no&quot;}\">\n\t\t\t\t\t\t<div class=\"elementor-container elementor-column-gap-default\">\n\t\t\t\t\t<div class=\"elementor-column elementor-col-100 elementor-top-column elementor-element elementor-element-3c63f42b\" data-id=\"3c63f42b\" data-element_type=\"column\" data-settings=\"{&quot;_ob_column_hoveranimator&quot;:&quot;no&quot;,&quot;_ob_column_has_pseudo&quot;:&quot;no&quot;}\">\n\t\t\t<div class=\"elementor-widget-wrap elementor-element-populated\">\n\t\t\t\t\t\t\t\t<div class=\"elementor-element elementor-element-a494a06 ob-harakiri-inherit ob-has-background-overlay elementor-widget elementor-widget-text-editor\" data-id=\"a494a06\" data-element_type=\"widget\" data-settings=\"{&quot;_ob_use_harakiri&quot;:&quot;yes&quot;,&quot;_ob_harakiri_writing_mode&quot;:&quot;inherit&quot;,&quot;_ob_postman_use&quot;:&quot;no&quot;,&quot;_ob_widget_stalker_use&quot;:&quot;no&quot;,&quot;_ob_poopart_use&quot;:&quot;yes&quot;,&quot;_ob_shadough_use&quot;:&quot;no&quot;,&quot;_ob_allow_hoveranimator&quot;:&quot;no&quot;}\" data-widget_type=\"text-editor.default\">\n\t\t\t\t<div class=\"elementor-widget-container\">\n\t\t\t<style>\/*! elementor - v3.13.3 - 28-05-2023 *\/\n.elementor-widget-text-editor.elementor-drop-cap-view-stacked .elementor-drop-cap{background-color:#69727d;color:#fff}.elementor-widget-text-editor.elementor-drop-cap-view-framed .elementor-drop-cap{color:#69727d;border:3px solid;background-color:transparent}.elementor-widget-text-editor:not(.elementor-drop-cap-view-default) .elementor-drop-cap{margin-top:8px}.elementor-widget-text-editor:not(.elementor-drop-cap-view-default) .elementor-drop-cap-letter{width:1em;height:1em}.elementor-widget-text-editor .elementor-drop-cap{float:left;text-align:center;line-height:1;font-size:50px}.elementor-widget-text-editor .elementor-drop-cap-letter{display:inline-block}<\/style>\t\t\t\t<p style=\"text-align: justify;\"><span style=\"font-weight: 400; color: #333333;\">El CIEIH es la instancia que garantiza la dignidad, los derechos, la seguridad y el bienestar de todos los sujetos humanos que participan en las investigaciones en salud, tanto por parte de los investigadores como de todo el personal involucrado en un proyecto de investigaci\u00f3n.\u00a0<\/span><\/p><p style=\"text-align: justify;\"><span style=\"font-weight: 400; color: #333333;\">Por su parte, la conducta responsable en investigaci\u00f3n es aquella que refleja la integridad y el compromiso de los investigadores para adherirse a los principios generales y a los est\u00e1ndares de buenas pr\u00e1cticas en investigaci\u00f3n, tanto nacionales como internacionales.\u00a0<\/span><\/p><p style=\"text-align: justify;\"><span style=\"font-weight: 400; color: #333333;\">Para ello, fortalecemos el Programa de Calidad en Investigaci\u00f3n e Integridad Cient\u00edfica, una estrategia integral que agrupa a los Comit\u00e9s de \u00c9tica Institucionales (humanos y animales) y articula al Sistema de Gesti\u00f3n de Calidad con los procesos de investigaci\u00f3n, a trav\u00e9s del dise\u00f1o de pol\u00edticas, planes de mejoramiento y de implementaci\u00f3n de actividades de monitor\u00eda, apoyo y educaci\u00f3n permanente para garantizar el cumplimiento de requisitos\u00a0correspondientes a las Buenas Pr\u00e1cticas Cl\u00ednicas.<\/span><\/p><h3 style=\"text-align: justify;\"><b>Objetivos<\/b><\/h3><ul style=\"text-align: justify;\"><li style=\"font-weight: 400;\" aria-level=\"1\"><span style=\"font-weight: 400;\">Garantizar el respeto y la protecci\u00f3n de los participantes involucrados en la investigaci\u00f3n, entendiendo al participante como el paciente, el investigador, el asistente de investigaci\u00f3n, los t\u00e9cnicos de investigaci\u00f3n, el equipo administrativo del centro de investigaci\u00f3n, entre otros: todos los que est\u00e9n involucrados en este proceso ya sea directa o indirectamente.<\/span><\/li><li style=\"font-weight: 400;\" aria-level=\"1\"><span style=\"font-weight: 400;\">Garantizar la calidad y confiabilidad de los datos y resultados de la investigaci\u00f3n.<\/span><\/li><\/ul><p style=\"text-align: justify;\"><span style=\"font-weight: 400;\">\u00a0<\/span><\/p><h3 style=\"text-align: justify;\"><b>Pol\u00edticas institucionales<\/b><\/h3><ul style=\"text-align: justify;\"><li style=\"font-weight: 400;\" aria-level=\"1\"><span style=\"font-weight: 400;\">Comit\u00e9s de \u00c9tica: Comit\u00e9 Institucional de \u00c9tica en Investigaci\u00f3n con Humanos y Comit\u00e9 Institucional de \u00c9tica en Investigaci\u00f3n con Animales en Experimentaci\u00f3n.<\/span><\/li><li style=\"font-weight: 400;\" aria-level=\"1\"><a href=\"https:\/\/cideim.org.co\/cideim\/wp-content\/uploads\/2026\/01\/conflict_of_interest_policy.pdf\" target=\"_blank\" rel=\"noopener\">Pol\u00edtica de conflicto de inter\u00e9s financiero aplicable a la financiaci\u00f3n del Servicio de Salud P\u00fablica de los Estados Unidos (PHS)<\/a><\/li><li style=\"font-weight: 400;\" aria-level=\"1\"><a href=\"https:\/\/cideim.org.co\/cideim\/wp-content\/uploads\/2026\/01\/conducta_responsable_en_investigacion.pdf\" target=\"_blank\" rel=\"noopener\"><span style=\"font-weight: 400;\">Pol\u00edtica de Conducta Responsable en Investigaci\u00f3n<\/span><\/a><\/li><li style=\"font-weight: 400;\" aria-level=\"1\"><span style=\"font-weight: 400;\">Red de Comit\u00e9s de \u00c9tica en Investigaci\u00f3n con Humanos, RECEIH-Cali<\/span><\/li><\/ul><h3 style=\"text-align: justify;\"><b>Integrantes<\/b><\/h3><ul><li style=\"text-align: justify;\"><span style=\"font-weight: 400;\"><span style=\"font-weight: 400;\"><strong>Gloria In\u00e9s Palma \u00c1lvarez, MD, PhD.<\/strong><br \/><strong>Presidente Comit\u00e9 de \u00c9tica<\/strong><br \/>M\u00e9dico<br \/>M\u00e1ster en salud p\u00fablica y medicina tropical<br \/>Doctor en Filosof\u00eda Tulane University<br \/>Profesora titular Universidad del Valle<\/span><\/span><p>\u00a0<\/p><\/li><li style=\"text-align: justify;\"><span style=\"font-weight: 400;\"><span style=\"font-weight: 400;\"><strong>Mar\u00eda Fernanda Villegas Ot\u00e1lora, MD, MSc.<\/strong><br \/><strong>Vicepresidente Comit\u00e9 de \u00c9tica<\/strong><br \/>M\u00e9dico Internista<br \/>Especialista en Bio\u00e9tica<br \/>Master en Epidemiolog\u00eda Cl\u00ednica<br \/>Unidad de Especialistas M\u00e9dicas Cl\u00ednica Farallones<\/span><\/span><p>\u00a0<\/p><\/li><li style=\"text-align: justify;\"><span style=\"font-weight: 400;\"><span style=\"font-weight: 400;\"><strong>Constanza Collazos Vidal, MD, MSc.<\/strong><br \/><strong>Secretaria Comit\u00e9 de \u00c9tica<\/strong><br \/>M\u00e9dico<br \/>Mag\u00edster en Epidemiolog\u00eda<\/span><\/span><p>\u00a0<\/p><\/li><li style=\"text-align: justify;\"><span style=\"font-weight: 400;\"><span style=\"font-weight: 400;\"><strong>Maryuri Delgado Loaiza, QF, MSc.<\/strong><br \/><strong>Representante de CIDEIM<\/strong><br \/>Tecn\u00f3loga qu\u00edmica<br \/>Qu\u00edmica Farmac\u00e9utica<br \/>Master en Gesti\u00f3n de muestras de biobanco<br \/>Coordinadora Biobanco CIDEIM<\/span><\/span><p>\u00a0<\/p><\/li><li style=\"text-align: justify;\"><span style=\"font-weight: 400;\"><span style=\"font-weight: 400;\"><strong>Roberto Enrique Cuenca, Ing, MSc.<\/strong><br \/><strong>Representante comunidad acad\u00e9mica<\/strong><br \/>Ingeniero Sanitario<br \/>Especialista en Bio\u00e9tica<br \/>Master en ciencias en salud radiol\u00f3gica<br \/>Docente Salud P\u00fablica Universidad del Valle<\/span><\/span><p>\u00a0<\/p><\/li><li style=\"text-align: justify;\"><span style=\"font-weight: 400;\"><span style=\"font-weight: 400;\"><strong>James Montoya Lerma, Biol. PhD.<\/strong><br \/><strong>Representante comunidad acad\u00e9mica<\/strong><br \/>Bi\u00f3logo, Entom\u00f3logo<br \/>PhD Parasitolog\u00eda m\u00e9dica &#8211; London School of Tropical Medicine and Hygiene<br \/>Profesor Universidad del Valle<\/span><\/span><p>\u00a0<\/p><\/li><li style=\"text-align: justify;\"><span style=\"font-weight: 400;\"><span style=\"font-weight: 400;\"><strong>Juli\u00e1n Arbey Gonz\u00e1lez Ospina, QF, MSc.<\/strong><br \/><strong>Representante comunidad acad\u00e9mica<\/strong><br \/>Qu\u00edmico Farmac\u00e9utico<br \/>Mag\u00edster en ciencias farmac\u00e9uticas<br \/>Doctor en ciencias biom\u00e9dicas<br \/>Docente Universidad ICESI<\/span><\/span><p>\u00a0<\/p><\/li><li style=\"text-align: justify;\"><span style=\"font-weight: 400;\"><span style=\"font-weight: 400;\"><strong>Adriana Mar\u00eda Garc\u00eda Arce, Abog, Esp.\u00a0<\/strong><br \/><strong>Representante de la comunidad<\/strong><br \/>Abogada<br \/>Especializaci\u00f3n en procesos y finanzas<br \/>Independiente<\/span><\/span><p>\u00a0<\/p><\/li><li style=\"text-align: justify;\"><span style=\"font-weight: 400;\"><span style=\"font-weight: 400;\"><strong>James Humberto Becerra Ram\u00edrez, Ing, MSc.\u00a0<\/strong><br \/><strong>Representante de la comunidad<\/strong><br \/>Ingeniero Sistemas de Informaci\u00f3n<br \/>Mag\u00edster en Administraci\u00f3n de Empresas &#8211; MBA<br \/>Gerente TI Intertek Colombia SA<\/span><\/span><p>\u00a0<\/p><\/li><li style=\"text-align: justify;\"><span style=\"font-weight: 400;\"><span style=\"font-weight: 400;\"><strong>Lina Mar\u00eda Duque D\u00edaz, Enf. Esp.<\/strong><br \/><strong>Representante de comunidad<\/strong><br \/>Enfermera<br \/>Especialista en Gerencia en Salud<br \/>Gerente de la Fundaci\u00f3n Nina Bendita<\/span><\/span><p>\u00a0<\/p><\/li><\/ul>\t\t\t\t\t\t<\/div>\n\t\t\t\t<\/div>\n\t\t\t\t<div class=\"elementor-element elementor-element-a505bb4 ob-has-background-overlay elementor-widget elementor-widget-spacer\" data-id=\"a505bb4\" data-element_type=\"widget\" data-settings=\"{&quot;_ob_spacerat_use&quot;:&quot;no&quot;,&quot;_ob_widget_stalker_use&quot;:&quot;no&quot;,&quot;_ob_poopart_use&quot;:&quot;yes&quot;,&quot;_ob_shadough_use&quot;:&quot;no&quot;,&quot;_ob_allow_hoveranimator&quot;:&quot;no&quot;}\" data-widget_type=\"spacer.default\">\n\t\t\t\t<div class=\"elementor-widget-container\">\n\t\t\t<style>\/*! elementor - v3.13.3 - 28-05-2023 *\/\n.elementor-column .elementor-spacer-inner{height:var(--spacer-size)}.e-con{--container-widget-width:100%}.e-con-inner>.elementor-widget-spacer,.e-con>.elementor-widget-spacer{width:var(--container-widget-width,var(--spacer-size));--align-self:var(--container-widget-align-self,initial);--flex-shrink:0}.e-con-inner>.elementor-widget-spacer>.elementor-widget-container,.e-con-inner>.elementor-widget-spacer>.elementor-widget-container>.elementor-spacer,.e-con>.elementor-widget-spacer>.elementor-widget-container,.e-con>.elementor-widget-spacer>.elementor-widget-container>.elementor-spacer{height:100%}.e-con-inner>.elementor-widget-spacer>.elementor-widget-container>.elementor-spacer>.elementor-spacer-inner,.e-con>.elementor-widget-spacer>.elementor-widget-container>.elementor-spacer>.elementor-spacer-inner{height:var(--container-widget-height,var(--spacer-size))}<\/style>\t\t<div class=\"elementor-spacer\">\n\t\t\t<div class=\"elementor-spacer-inner\"><\/div>\n\t\t<\/div>\n\t\t\t\t<\/div>\n\t\t\t\t<\/div>\n\t\t\t\t<div class=\"elementor-element elementor-element-384e2bb ob-harakiri-inherit ob-has-background-overlay elementor-widget elementor-widget-heading\" data-id=\"384e2bb\" data-element_type=\"widget\" data-settings=\"{&quot;_ob_use_harakiri&quot;:&quot;yes&quot;,&quot;_ob_harakiri_writing_mode&quot;:&quot;inherit&quot;,&quot;_ob_harakiri_text_clip&quot;:&quot;none&quot;,&quot;_ob_widget_stalker_use&quot;:&quot;no&quot;,&quot;_ob_poopart_use&quot;:&quot;yes&quot;,&quot;_ob_shadough_use&quot;:&quot;no&quot;,&quot;_ob_allow_hoveranimator&quot;:&quot;no&quot;}\" data-widget_type=\"heading.default\">\n\t\t\t\t<div class=\"elementor-widget-container\">\n\t\t\t<h2 class=\"elementor-heading-title elementor-size-default\">Cont\u00e1ctanos<\/h2>\t\t<\/div>\n\t\t\t\t<\/div>\n\t\t\t\t<div class=\"elementor-element elementor-element-ad772cf eael-infobox-icon-bg-shape-none eael-infobox-icon-hover-bg-shape-none ob-has-background-overlay elementor-widget elementor-widget-eael-info-box\" data-id=\"ad772cf\" data-element_type=\"widget\" data-settings=\"{&quot;_ob_widget_stalker_use&quot;:&quot;no&quot;,&quot;_ob_poopart_use&quot;:&quot;yes&quot;,&quot;_ob_shadough_use&quot;:&quot;no&quot;,&quot;_ob_allow_hoveranimator&quot;:&quot;no&quot;}\" data-widget_type=\"eael-info-box.default\">\n\t\t\t\t<div class=\"elementor-widget-container\">\n\t\t\t        <div class=\"eael-infobox icon-on-left\">\n\t            <div class=\"infobox-icon eael-icon-only\">\n\n            \n                            <div class=\"infobox-icon-wrap\">\n                    <i aria-hidden=\"true\" class=\"fas fa-user-circle\"><\/i>                <\/div>\n            \n            \n        <\/div>\n            <div class=\"infobox-content eael-icon-only\">\n                            <h4 class=\"title\">Constanza Collazos Vidal<\/h4>\n                                                                        <p><p>MSc. Epidemiolog\u00eda<br \/>Secretaria CIEIH<br \/><a href=\"mailto:ccollazos@cideim.org.co\">ccollazos@cideim.org.co<\/a><\/p><\/p>\n                                                                            <\/div>\n            <\/div>\n\n\t\t\t\t<\/div>\n\t\t\t\t<\/div>\n\t\t\t\t\t<\/div>\n\t\t<\/div>\n\t\t\t\t\t\t\t<\/div>\n\t\t<\/section>\n\t\t\t\t\t\t\t<\/div>\n\t\t","protected":false},"excerpt":{"rendered":"<p>Nuestro prop\u00f3sito El CIEIH es la instancia que garantiza la dignidad, los derechos, la seguridad y el bienestar de todos los sujetos humanos que participan en las investigaciones en salud, tanto por parte de los investigadores como de todo el personal involucrado en un proyecto de investigaci\u00f3n.\u00a0 Por su parte, la conducta responsable en investigaci\u00f3n [&hellip;]<\/p>\n","protected":false},"author":1,"featured_media":0,"parent":774,"menu_order":0,"comment_status":"closed","ping_status":"closed","template":"","meta":{"footnotes":""},"tipo_de_pagina":[],"acf":[],"yoast_head":"<!-- This site is optimized with the Yoast SEO plugin v20.9 - https:\/\/yoast.com\/wordpress\/plugins\/seo\/ -->\n<title>Comit\u00e9 Institucional de \u00c9tica de Investigaci\u00f3n en Humanos CIEIH - Centro Internacional de Entrenamiento e Investigaciones M\u00e9dicas<\/title>\n<meta name=\"robots\" content=\"index, follow, max-snippet:-1, max-image-preview:large, max-video-preview:-1\" \/>\n<link rel=\"canonical\" href=\"https:\/\/cideim.org.co\/cideim\/nosotros\/cieh\/\" \/>\n<meta property=\"og:locale\" content=\"es_ES\" \/>\n<meta property=\"og:type\" content=\"article\" \/>\n<meta property=\"og:title\" content=\"Comit\u00e9 Institucional de \u00c9tica de Investigaci\u00f3n en Humanos CIEIH - Centro Internacional de Entrenamiento e Investigaciones M\u00e9dicas\" \/>\n<meta property=\"og:description\" content=\"Nuestro prop\u00f3sito El CIEIH es la instancia que garantiza la dignidad, los derechos, la seguridad y el bienestar de todos los sujetos humanos que participan en las investigaciones en salud, tanto por parte de los investigadores como de todo el personal involucrado en un proyecto de investigaci\u00f3n.\u00a0 Por su parte, la conducta responsable en investigaci\u00f3n [&hellip;]\" \/>\n<meta property=\"og:url\" content=\"https:\/\/cideim.org.co\/cideim\/nosotros\/cieh\/\" \/>\n<meta property=\"og:site_name\" content=\"Centro Internacional de Entrenamiento e Investigaciones M\u00e9dicas\" \/>\n<meta property=\"article:publisher\" content=\"https:\/\/www.facebook.com\/cideim\" \/>\n<meta property=\"article:modified_time\" content=\"2026-01-30T21:06:56+00:00\" \/>\n<meta name=\"twitter:card\" content=\"summary_large_image\" \/>\n<meta name=\"twitter:label1\" content=\"Tiempo estimado de lectura\" \/>\n\t<meta name=\"twitter:data1\" content=\"3 minutos\" \/>\n<script type=\"application\/ld+json\" class=\"yoast-schema-graph\">{\"@context\":\"https:\/\/schema.org\",\"@graph\":[{\"@type\":\"WebPage\",\"@id\":\"https:\/\/cideim.org.co\/cideim\/nosotros\/cieh\/\",\"url\":\"https:\/\/cideim.org.co\/cideim\/nosotros\/cieh\/\",\"name\":\"Comit\u00e9 Institucional de \u00c9tica de Investigaci\u00f3n en Humanos CIEIH - Centro Internacional de Entrenamiento e Investigaciones M\u00e9dicas\",\"isPartOf\":{\"@id\":\"https:\/\/cideim.org.co\/cideim\/#website\"},\"datePublished\":\"2022-12-19T22:28:56+00:00\",\"dateModified\":\"2026-01-30T21:06:56+00:00\",\"breadcrumb\":{\"@id\":\"https:\/\/cideim.org.co\/cideim\/nosotros\/cieh\/#breadcrumb\"},\"inLanguage\":\"es-CO\",\"potentialAction\":[{\"@type\":\"ReadAction\",\"target\":[\"https:\/\/cideim.org.co\/cideim\/nosotros\/cieh\/\"]}]},{\"@type\":\"BreadcrumbList\",\"@id\":\"https:\/\/cideim.org.co\/cideim\/nosotros\/cieh\/#breadcrumb\",\"itemListElement\":[{\"@type\":\"ListItem\",\"position\":1,\"name\":\"Inicio\",\"item\":\"https:\/\/cideim.org.co\/cideim\/\"},{\"@type\":\"ListItem\",\"position\":2,\"name\":\"Nosotros\",\"item\":\"https:\/\/cideim.org.co\/cideim\/nosotros\/\"},{\"@type\":\"ListItem\",\"position\":3,\"name\":\"Comit\u00e9 Institucional de \u00c9tica de Investigaci\u00f3n en Humanos CIEIH\"}]},{\"@type\":\"WebSite\",\"@id\":\"https:\/\/cideim.org.co\/cideim\/#website\",\"url\":\"https:\/\/cideim.org.co\/cideim\/\",\"name\":\"CIDEIM | Centro Internacional de Entrenamiento e Investigaciones M\u00e9dicas\",\"description\":\"CIDEIM\",\"publisher\":{\"@id\":\"https:\/\/cideim.org.co\/cideim\/#organization\"},\"potentialAction\":[{\"@type\":\"SearchAction\",\"target\":{\"@type\":\"EntryPoint\",\"urlTemplate\":\"https:\/\/cideim.org.co\/cideim\/?s={search_term_string}\"},\"query-input\":\"required name=search_term_string\"}],\"inLanguage\":\"es-CO\"},{\"@type\":\"Organization\",\"@id\":\"https:\/\/cideim.org.co\/cideim\/#organization\",\"name\":\"Centro Internacional de Entrenamiento e Investigaciones M\u00e9dicas\",\"url\":\"https:\/\/cideim.org.co\/cideim\/\",\"logo\":{\"@type\":\"ImageObject\",\"inLanguage\":\"es-CO\",\"@id\":\"https:\/\/cideim.org.co\/cideim\/#\/schema\/logo\/image\/\",\"url\":\"https:\/\/cideim.org.co\/cideim\/wp-content\/uploads\/2022\/06\/Logo-cideim-1.svg\",\"contentUrl\":\"https:\/\/cideim.org.co\/cideim\/wp-content\/uploads\/2022\/06\/Logo-cideim-1.svg\",\"width\":193,\"height\":143,\"caption\":\"Centro Internacional de Entrenamiento e Investigaciones M\u00e9dicas\"},\"image\":{\"@id\":\"https:\/\/cideim.org.co\/cideim\/#\/schema\/logo\/image\/\"},\"sameAs\":[\"https:\/\/www.facebook.com\/cideim\",\"https:\/\/www.linkedin.com\/company\/cideim\/\"]}]}<\/script>\n<!-- \/ Yoast SEO plugin. -->","yoast_head_json":{"title":"Comit\u00e9 Institucional de \u00c9tica de Investigaci\u00f3n en Humanos CIEIH - Centro Internacional de Entrenamiento e Investigaciones M\u00e9dicas","robots":{"index":"index","follow":"follow","max-snippet":"max-snippet:-1","max-image-preview":"max-image-preview:large","max-video-preview":"max-video-preview:-1"},"canonical":"https:\/\/cideim.org.co\/cideim\/nosotros\/cieh\/","og_locale":"es_ES","og_type":"article","og_title":"Comit\u00e9 Institucional de \u00c9tica de Investigaci\u00f3n en Humanos CIEIH - Centro Internacional de Entrenamiento e Investigaciones M\u00e9dicas","og_description":"Nuestro prop\u00f3sito El CIEIH es la instancia que garantiza la dignidad, los derechos, la seguridad y el bienestar de todos los sujetos humanos que participan en las investigaciones en salud, tanto por parte de los investigadores como de todo el personal involucrado en un proyecto de investigaci\u00f3n.\u00a0 Por su parte, la conducta responsable en investigaci\u00f3n [&hellip;]","og_url":"https:\/\/cideim.org.co\/cideim\/nosotros\/cieh\/","og_site_name":"Centro Internacional de Entrenamiento e Investigaciones M\u00e9dicas","article_publisher":"https:\/\/www.facebook.com\/cideim","article_modified_time":"2026-01-30T21:06:56+00:00","twitter_card":"summary_large_image","twitter_misc":{"Tiempo estimado de lectura":"3 minutos"},"schema":{"@context":"https:\/\/schema.org","@graph":[{"@type":"WebPage","@id":"https:\/\/cideim.org.co\/cideim\/nosotros\/cieh\/","url":"https:\/\/cideim.org.co\/cideim\/nosotros\/cieh\/","name":"Comit\u00e9 Institucional de \u00c9tica de Investigaci\u00f3n en Humanos CIEIH - Centro Internacional de Entrenamiento e Investigaciones M\u00e9dicas","isPartOf":{"@id":"https:\/\/cideim.org.co\/cideim\/#website"},"datePublished":"2022-12-19T22:28:56+00:00","dateModified":"2026-01-30T21:06:56+00:00","breadcrumb":{"@id":"https:\/\/cideim.org.co\/cideim\/nosotros\/cieh\/#breadcrumb"},"inLanguage":"es-CO","potentialAction":[{"@type":"ReadAction","target":["https:\/\/cideim.org.co\/cideim\/nosotros\/cieh\/"]}]},{"@type":"BreadcrumbList","@id":"https:\/\/cideim.org.co\/cideim\/nosotros\/cieh\/#breadcrumb","itemListElement":[{"@type":"ListItem","position":1,"name":"Inicio","item":"https:\/\/cideim.org.co\/cideim\/"},{"@type":"ListItem","position":2,"name":"Nosotros","item":"https:\/\/cideim.org.co\/cideim\/nosotros\/"},{"@type":"ListItem","position":3,"name":"Comit\u00e9 Institucional de \u00c9tica de Investigaci\u00f3n en Humanos CIEIH"}]},{"@type":"WebSite","@id":"https:\/\/cideim.org.co\/cideim\/#website","url":"https:\/\/cideim.org.co\/cideim\/","name":"CIDEIM | Centro Internacional de Entrenamiento e Investigaciones M\u00e9dicas","description":"CIDEIM","publisher":{"@id":"https:\/\/cideim.org.co\/cideim\/#organization"},"potentialAction":[{"@type":"SearchAction","target":{"@type":"EntryPoint","urlTemplate":"https:\/\/cideim.org.co\/cideim\/?s={search_term_string}"},"query-input":"required name=search_term_string"}],"inLanguage":"es-CO"},{"@type":"Organization","@id":"https:\/\/cideim.org.co\/cideim\/#organization","name":"Centro Internacional de Entrenamiento e Investigaciones M\u00e9dicas","url":"https:\/\/cideim.org.co\/cideim\/","logo":{"@type":"ImageObject","inLanguage":"es-CO","@id":"https:\/\/cideim.org.co\/cideim\/#\/schema\/logo\/image\/","url":"https:\/\/cideim.org.co\/cideim\/wp-content\/uploads\/2022\/06\/Logo-cideim-1.svg","contentUrl":"https:\/\/cideim.org.co\/cideim\/wp-content\/uploads\/2022\/06\/Logo-cideim-1.svg","width":193,"height":143,"caption":"Centro Internacional de Entrenamiento e Investigaciones M\u00e9dicas"},"image":{"@id":"https:\/\/cideim.org.co\/cideim\/#\/schema\/logo\/image\/"},"sameAs":["https:\/\/www.facebook.com\/cideim","https:\/\/www.linkedin.com\/company\/cideim\/"]}]}},"_links":{"self":[{"href":"https:\/\/cideim.org.co\/cideim\/wp-json\/wp\/v2\/pages\/1511"}],"collection":[{"href":"https:\/\/cideim.org.co\/cideim\/wp-json\/wp\/v2\/pages"}],"about":[{"href":"https:\/\/cideim.org.co\/cideim\/wp-json\/wp\/v2\/types\/page"}],"author":[{"embeddable":true,"href":"https:\/\/cideim.org.co\/cideim\/wp-json\/wp\/v2\/users\/1"}],"replies":[{"embeddable":true,"href":"https:\/\/cideim.org.co\/cideim\/wp-json\/wp\/v2\/comments?post=1511"}],"version-history":[{"count":34,"href":"https:\/\/cideim.org.co\/cideim\/wp-json\/wp\/v2\/pages\/1511\/revisions"}],"predecessor-version":[{"id":11640,"href":"https:\/\/cideim.org.co\/cideim\/wp-json\/wp\/v2\/pages\/1511\/revisions\/11640"}],"up":[{"embeddable":true,"href":"https:\/\/cideim.org.co\/cideim\/wp-json\/wp\/v2\/pages\/774"}],"wp:attachment":[{"href":"https:\/\/cideim.org.co\/cideim\/wp-json\/wp\/v2\/media?parent=1511"}],"wp:term":[{"taxonomy":"tipo_de_pagina","embeddable":true,"href":"https:\/\/cideim.org.co\/cideim\/wp-json\/wp\/v2\/tipo_de_pagina?post=1511"}],"curies":[{"name":"wp","href":"https:\/\/api.w.org\/{rel}","templated":true}]}}