{"id":9107,"date":"2025-03-28T18:53:32","date_gmt":"2025-03-28T23:53:32","guid":{"rendered":"https:\/\/cideim.org.co\/cideim_new\/?page_id=9107"},"modified":"2025-12-02T15:08:59","modified_gmt":"2025-12-02T20:08:59","slug":"noticias-nodo-lac","status":"publish","type":"page","link":"https:\/\/cideim.org.co\/cideim\/programas-especiales\/tdr-global\/noticias-nodo-lac\/","title":{"rendered":"Noticias Nodo LAC"},"content":{"rendered":"\t\t<div data-elementor-type=\"wp-page\" data-elementor-id=\"9107\" class=\"elementor elementor-9107\">\n\t\t\t\t\t\t\t<div class=\"elementor-element elementor-element-14e5180 e-con-boxed e-flex e-con\" data-id=\"14e5180\" data-element_type=\"container\" data-settings=\"{&quot;content_width&quot;:&quot;boxed&quot;,&quot;_ob_use_container_extras&quot;:&quot;no&quot;,&quot;_ob_column_hoveranimator&quot;:&quot;no&quot;,&quot;_ob_glider_is_slider&quot;:&quot;no&quot;,&quot;_ob_column_has_pseudo&quot;:&quot;no&quot;}\">\n\t\t\t\t\t<div class=\"e-con-inner\">\n\t\t<div class=\"elementor-element elementor-element-d950ca8 e-con-boxed e-flex e-con\" data-id=\"d950ca8\" data-element_type=\"container\" data-settings=\"{&quot;content_width&quot;:&quot;boxed&quot;,&quot;_ob_use_container_extras&quot;:&quot;no&quot;,&quot;_ob_column_hoveranimator&quot;:&quot;no&quot;,&quot;_ob_glider_is_slider&quot;:&quot;no&quot;,&quot;_ob_column_has_pseudo&quot;:&quot;no&quot;}\">\n\t\t\t\t\t<div class=\"e-con-inner\">\n\t\t\t\t<div class=\"elementor-element elementor-element-ed10939 ob-has-background-overlay elementor-widget elementor-widget-image\" data-id=\"ed10939\" data-element_type=\"widget\" data-settings=\"{&quot;_ob_photomorph_use&quot;:&quot;no&quot;,&quot;_ob_widget_stalker_use&quot;:&quot;no&quot;,&quot;_ob_poopart_use&quot;:&quot;yes&quot;,&quot;_ob_shadough_use&quot;:&quot;no&quot;,&quot;_ob_allow_hoveranimator&quot;:&quot;no&quot;}\" data-widget_type=\"image.default\">\n\t\t\t\t<div class=\"elementor-widget-container\">\n\t\t\t<style>\/*! elementor - v3.13.3 - 28-05-2023 *\/\n.elementor-widget-image{text-align:center}.elementor-widget-image a{display:inline-block}.elementor-widget-image a img[src$=\".svg\"]{width:48px}.elementor-widget-image img{vertical-align:middle;display:inline-block}<\/style>\t\t\t\t\t\t\t\t\t\t\t\t<img decoding=\"async\" loading=\"lazy\" width=\"1447\" height=\"397\" src=\"https:\/\/cideim.org.co\/cideim\/wp-content\/uploads\/2025\/12\/banner_newsletter_tdrglobal_lac.png\" class=\"attachment-full size-full wp-image-11483 not-transparent\" alt=\"\" srcset=\"https:\/\/cideim.org.co\/cideim\/wp-content\/uploads\/2025\/12\/banner_newsletter_tdrglobal_lac.png 1447w, https:\/\/cideim.org.co\/cideim\/wp-content\/uploads\/2025\/12\/banner_newsletter_tdrglobal_lac-300x82.png 300w, https:\/\/cideim.org.co\/cideim\/wp-content\/uploads\/2025\/12\/banner_newsletter_tdrglobal_lac-1024x281.png 1024w, https:\/\/cideim.org.co\/cideim\/wp-content\/uploads\/2025\/12\/banner_newsletter_tdrglobal_lac-768x211.png 768w\" sizes=\"(max-width: 1447px) 100vw, 1447px\" data-has-transparency=\"false\" data-dominant-color=\"f1f0f2\" style=\"--dominant-color: #f1f0f2\" \/>\t\t\t\t\t\t\t\t\t\t\t\t\t\t\t<\/div>\n\t\t\t\t<\/div>\n\t\t\t\t<div class=\"elementor-element elementor-element-c9d32ac ob-has-background-overlay elementor-widget elementor-widget-xpro-auto-content\" data-id=\"c9d32ac\" data-element_type=\"widget\" data-settings=\"{&quot;_ob_widget_stalker_use&quot;:&quot;no&quot;,&quot;_ob_poopart_use&quot;:&quot;yes&quot;,&quot;_ob_shadough_use&quot;:&quot;no&quot;,&quot;_ob_allow_hoveranimator&quot;:&quot;no&quot;}\" data-widget_type=\"xpro-auto-content.default\">\n\t\t\t\t<div class=\"elementor-widget-container\">\n\t\t\t<div class=\"xpro-text-editor-wrapper\">\n\t<p>Ent\u00e9rate de las novedades, recursos e informaci\u00f3n de inter\u00e9s que compartimos a trav\u00e9s del Bolet\u00edn de TDR Global para Latinoam\u00e9rica y el Caribe:<\/p><\/div>\n\t\t<\/div>\n\t\t\t\t<\/div>\n\t\t\t\t<div class=\"elementor-element elementor-element-ceb1a9c ob-harakiri-inherit ob-has-background-overlay elementor-widget elementor-widget-heading\" data-id=\"ceb1a9c\" data-element_type=\"widget\" data-settings=\"{&quot;_ob_use_harakiri&quot;:&quot;yes&quot;,&quot;_ob_harakiri_writing_mode&quot;:&quot;inherit&quot;,&quot;_ob_harakiri_text_clip&quot;:&quot;none&quot;,&quot;_ob_widget_stalker_use&quot;:&quot;no&quot;,&quot;_ob_poopart_use&quot;:&quot;yes&quot;,&quot;_ob_shadough_use&quot;:&quot;no&quot;,&quot;_ob_allow_hoveranimator&quot;:&quot;no&quot;}\" data-widget_type=\"heading.default\">\n\t\t\t\t<div class=\"elementor-widget-container\">\n\t\t\t<style>\/*! elementor - v3.13.3 - 28-05-2023 *\/\n.elementor-heading-title{padding:0;margin:0;line-height:1}.elementor-widget-heading .elementor-heading-title[class*=elementor-size-]>a{color:inherit;font-size:inherit;line-height:inherit}.elementor-widget-heading .elementor-heading-title.elementor-size-small{font-size:15px}.elementor-widget-heading .elementor-heading-title.elementor-size-medium{font-size:19px}.elementor-widget-heading .elementor-heading-title.elementor-size-large{font-size:29px}.elementor-widget-heading .elementor-heading-title.elementor-size-xl{font-size:39px}.elementor-widget-heading .elementor-heading-title.elementor-size-xxl{font-size:59px}<\/style><h2 class=\"elementor-heading-title elementor-size-default\">Hist\u00f3rico boletines<\/h2>\t\t<\/div>\n\t\t\t\t<\/div>\n\t\t\t\t<div class=\"elementor-element elementor-element-356472e elementor-align-left ob-has-background-overlay elementor-widget elementor-widget-xpro-infolist\" data-id=\"356472e\" data-element_type=\"widget\" data-settings=\"{&quot;_ob_widget_stalker_use&quot;:&quot;no&quot;,&quot;_ob_poopart_use&quot;:&quot;yes&quot;,&quot;_ob_shadough_use&quot;:&quot;no&quot;,&quot;_ob_allow_hoveranimator&quot;:&quot;no&quot;}\" data-widget_type=\"xpro-infolist.default\">\n\t\t\t\t<div class=\"elementor-widget-container\">\n\t\t\t<ul class=\"xpro-infolist-wrapper xpro-infolist-layout-vertical\">\n\t\t\t<li class=\"xpro-infolist-item elementor-repeater-item-52ff5a7\">\n\t\t\t<a href=\"https:\/\/mailchi.mp\/cideim\/newsletter-tdrglobal-lac-4\"  target=\"_blank\" href=\"https:\/\/mailchi.mp\/cideim\/newsletter-tdrglobal-lac-4\">\t\t\t\t\t\t\t<div class=\"xpro-infolist-media xpro-infolist-media-type-icon\">\n\t\t\t\t\t<i aria-hidden=\"true\" class=\"fas fa-check\"><\/i>\t\t\t\t<\/div>\n\t\t\t\n\t\t\t<div class=\"xpro-infolist-content\">\n\t\t\t\t\t\t\t\t\t<h2 class=\"xpro-infolist-title\">#15 Diciembre de 2025<\/h2>\n\t\t\t\t\t\t\t\t\t\t\t<\/div>\n\t\t\t<\/a>\t\t<\/li>\n\t\t\t<li class=\"xpro-infolist-item elementor-repeater-item-48ad7aa\">\n\t\t\t<a href=\"https:\/\/mailchi.mp\/cideim\/newsletter-tdrglobal-lac-3-2025\"  target=\"_blank\" href=\"https:\/\/mailchi.mp\/cideim\/newsletter-tdrglobal-lac-3-2025\">\t\t\t\t\t\t\t<div class=\"xpro-infolist-media xpro-infolist-media-type-icon\">\n\t\t\t\t\t<i aria-hidden=\"true\" class=\"fas fa-check\"><\/i>\t\t\t\t<\/div>\n\t\t\t\n\t\t\t<div class=\"xpro-infolist-content\">\n\t\t\t\t\t\t\t\t\t<h2 class=\"xpro-infolist-title\">#14 Septiembre de 2025<\/h2>\n\t\t\t\t\t\t\t\t\t\t\t<\/div>\n\t\t\t<\/a>\t\t<\/li>\n\t\t\t<li class=\"xpro-infolist-item elementor-repeater-item-b94fff1\">\n\t\t\t<a href=\"https:\/\/mailchi.mp\/cideim\/newsletter-tdrglobal-lac-2\"  target=\"_blank\" href=\"https:\/\/mailchi.mp\/cideim\/newsletter-tdrglobal-lac-2\">\t\t\t\t\t\t\t<div class=\"xpro-infolist-media xpro-infolist-media-type-icon\">\n\t\t\t\t\t<i aria-hidden=\"true\" class=\"fas fa-check\"><\/i>\t\t\t\t<\/div>\n\t\t\t\n\t\t\t<div class=\"xpro-infolist-content\">\n\t\t\t\t\t\t\t\t\t<h2 class=\"xpro-infolist-title\">#13 Junio de 2025<\/h2>\n\t\t\t\t\t\t\t\t\t\t\t<\/div>\n\t\t\t<\/a>\t\t<\/li>\n\t\t\t<li class=\"xpro-infolist-item elementor-repeater-item-e95d71a\">\n\t\t\t<a href=\"https:\/\/mailchi.mp\/cideim\/newsletter-tdrglobal-lac-1-2025\"  target=\"_blank\" href=\"https:\/\/mailchi.mp\/cideim\/newsletter-tdrglobal-lac-1-2025\">\t\t\t\t\t\t\t<div class=\"xpro-infolist-media xpro-infolist-media-type-icon\">\n\t\t\t\t\t<i aria-hidden=\"true\" class=\"fas fa-check\"><\/i>\t\t\t\t<\/div>\n\t\t\t\n\t\t\t<div class=\"xpro-infolist-content\">\n\t\t\t\t\t\t\t\t\t<h2 class=\"xpro-infolist-title\">#12 Abril de 2025<\/h2>\n\t\t\t\t\t\t\t\t\t\t\t<\/div>\n\t\t\t<\/a>\t\t<\/li>\n\t\t\t<li class=\"xpro-infolist-item elementor-repeater-item-5b30b2a\">\n\t\t\t<a href=\"https:\/\/mailchi.mp\/cideim\/newsletter-tdrglobal-lac-dic-2024\"  target=\"_blank\" href=\"https:\/\/mailchi.mp\/cideim\/newsletter-tdrglobal-lac-dic-2024\">\t\t\t\t\t\t\t<div class=\"xpro-infolist-media xpro-infolist-media-type-icon\">\n\t\t\t\t\t<i aria-hidden=\"true\" class=\"fas fa-check\"><\/i>\t\t\t\t<\/div>\n\t\t\t\n\t\t\t<div class=\"xpro-infolist-content\">\n\t\t\t\t\t\t\t\t\t<h2 class=\"xpro-infolist-title\">#11 Diciembre de 2024<\/h2>\n\t\t\t\t\t\t\t\t\t\t\t<\/div>\n\t\t\t<\/a>\t\t<\/li>\n\t\t\t<li class=\"xpro-infolist-item elementor-repeater-item-72a57b8\">\n\t\t\t<a href=\"https:\/\/mailchi.mp\/cideim\/newsletter-tdrglobal-lac-sep-2024\"  target=\"_blank\" href=\"https:\/\/mailchi.mp\/cideim\/newsletter-tdrglobal-lac-sep-2024\">\t\t\t\t\t\t\t<div class=\"xpro-infolist-media xpro-infolist-media-type-icon\">\n\t\t\t\t\t<i aria-hidden=\"true\" class=\"fas fa-check\"><\/i>\t\t\t\t<\/div>\n\t\t\t\n\t\t\t<div class=\"xpro-infolist-content\">\n\t\t\t\t\t\t\t\t\t<h2 class=\"xpro-infolist-title\">#10 Septiembre de 2024<\/h2>\n\t\t\t\t\t\t\t\t\t\t\t<\/div>\n\t\t\t<\/a>\t\t<\/li>\n\t\t\t<li class=\"xpro-infolist-item elementor-repeater-item-cb224ab\">\n\t\t\t<a href=\"https:\/\/mailchi.mp\/cideim\/newsletter-tdrglobal-lac-2-jun-2024\"  target=\"_blank\" href=\"https:\/\/mailchi.mp\/cideim\/newsletter-tdrglobal-lac-2-jun-2024\">\t\t\t\t\t\t\t<div class=\"xpro-infolist-media xpro-infolist-media-type-icon\">\n\t\t\t\t\t<i aria-hidden=\"true\" class=\"fas fa-check\"><\/i>\t\t\t\t<\/div>\n\t\t\t\n\t\t\t<div class=\"xpro-infolist-content\">\n\t\t\t\t\t\t\t\t\t<h2 class=\"xpro-infolist-title\">#9 Junio de 2024<\/h2>\n\t\t\t\t\t\t\t\t\t\t\t<\/div>\n\t\t\t<\/a>\t\t<\/li>\n\t\t\t<li class=\"xpro-infolist-item elementor-repeater-item-244397b\">\n\t\t\t<a href=\"https:\/\/mailchi.mp\/cideim\/newsletter-tdrglobal-lac-2024-1\"  target=\"_blank\" href=\"https:\/\/mailchi.mp\/cideim\/newsletter-tdrglobal-lac-2024-1\">\t\t\t\t\t\t\t<div class=\"xpro-infolist-media xpro-infolist-media-type-icon\">\n\t\t\t\t\t<i aria-hidden=\"true\" class=\"fas fa-check\"><\/i>\t\t\t\t<\/div>\n\t\t\t\n\t\t\t<div class=\"xpro-infolist-content\">\n\t\t\t\t\t\t\t\t\t<h2 class=\"xpro-infolist-title\">#8 Marzo de 2024<\/h2>\n\t\t\t\t\t\t\t\t\t\t\t<\/div>\n\t\t\t<\/a>\t\t<\/li>\n\t\t\t<li class=\"xpro-infolist-item elementor-repeater-item-a927aa0\">\n\t\t\t<a href=\"https:\/\/mailchi.mp\/cideim\/newsletter-tdrglobal-lac-dic2023\"  target=\"_blank\" href=\"https:\/\/mailchi.mp\/cideim\/newsletter-tdrglobal-lac-dic2023\">\t\t\t\t\t\t\t<div class=\"xpro-infolist-media xpro-infolist-media-type-icon\">\n\t\t\t\t\t<i aria-hidden=\"true\" class=\"fas fa-check\"><\/i>\t\t\t\t<\/div>\n\t\t\t\n\t\t\t<div class=\"xpro-infolist-content\">\n\t\t\t\t\t\t\t\t\t<h2 class=\"xpro-infolist-title\">#7 Diciembre de 2023<\/h2>\n\t\t\t\t\t\t\t\t\t\t\t<\/div>\n\t\t\t<\/a>\t\t<\/li>\n\t\t\t<li class=\"xpro-infolist-item elementor-repeater-item-04e2425\">\n\t\t\t<a href=\"https:\/\/mailchi.mp\/cideim\/newsletter-tdrglobal-lac-sep2023\"  target=\"_blank\" href=\"https:\/\/mailchi.mp\/cideim\/newsletter-tdrglobal-lac-sep2023\">\t\t\t\t\t\t\t<div class=\"xpro-infolist-media xpro-infolist-media-type-icon\">\n\t\t\t\t\t<i aria-hidden=\"true\" class=\"fas fa-check\"><\/i>\t\t\t\t<\/div>\n\t\t\t\n\t\t\t<div class=\"xpro-infolist-content\">\n\t\t\t\t\t\t\t\t\t<h2 class=\"xpro-infolist-title\">#6 Septiembre de 2023<\/h2>\n\t\t\t\t\t\t\t\t\t\t\t<\/div>\n\t\t\t<\/a>\t\t<\/li>\n\t\t\t<li class=\"xpro-infolist-item elementor-repeater-item-4cfaac1\">\n\t\t\t<a href=\"https:\/\/mailchi.mp\/cideim\/hhxuuu50op-8124929\"  target=\"_blank\" href=\"https:\/\/mailchi.mp\/cideim\/hhxuuu50op-8124929\">\t\t\t\t\t\t\t<div class=\"xpro-infolist-media xpro-infolist-media-type-icon\">\n\t\t\t\t\t<i aria-hidden=\"true\" class=\"fas fa-check\"><\/i>\t\t\t\t<\/div>\n\t\t\t\n\t\t\t<div class=\"xpro-infolist-content\">\n\t\t\t\t\t\t\t\t\t<h2 class=\"xpro-infolist-title\">#5 Mayo de 2023<\/h2>\n\t\t\t\t\t\t\t\t\t\t\t<\/div>\n\t\t\t<\/a>\t\t<\/li>\n\t\t\t<li class=\"xpro-infolist-item elementor-repeater-item-cccf296\">\n\t\t\t<a href=\"https:\/\/mailchi.mp\/cideim\/hhxuuu50op-8115301\"  target=\"_blank\" href=\"https:\/\/mailchi.mp\/cideim\/hhxuuu50op-8115301\">\t\t\t\t\t\t\t<div class=\"xpro-infolist-media xpro-infolist-media-type-icon\">\n\t\t\t\t\t<i aria-hidden=\"true\" class=\"fas fa-check\"><\/i>\t\t\t\t<\/div>\n\t\t\t\n\t\t\t<div class=\"xpro-infolist-content\">\n\t\t\t\t\t\t\t\t\t<h2 class=\"xpro-infolist-title\">#4 Enero de 2023<\/h2>\n\t\t\t\t\t\t\t\t\t\t\t<\/div>\n\t\t\t<\/a>\t\t<\/li>\n\t\t\t<li class=\"xpro-infolist-item elementor-repeater-item-39e302d\">\n\t\t\t<a href=\"https:\/\/mailchi.mp\/cideim\/hhxuuu50op-7276877\"  target=\"_blank\" href=\"https:\/\/mailchi.mp\/cideim\/hhxuuu50op-7276877\">\t\t\t\t\t\t\t<div class=\"xpro-infolist-media xpro-infolist-media-type-icon\">\n\t\t\t\t\t<i aria-hidden=\"true\" class=\"fas fa-check\"><\/i>\t\t\t\t<\/div>\n\t\t\t\n\t\t\t<div class=\"xpro-infolist-content\">\n\t\t\t\t\t\t\t\t\t<h2 class=\"xpro-infolist-title\">#3 Septiembre de 2022<\/h2>\n\t\t\t\t\t\t\t\t\t\t\t<\/div>\n\t\t\t<\/a>\t\t<\/li>\n\t\t\t<li class=\"xpro-infolist-item elementor-repeater-item-c26e80e\">\n\t\t\t<a href=\"https:\/\/mailchi.mp\/cideim\/hhxuuu50op-7270329\"  target=\"_blank\" href=\"https:\/\/mailchi.mp\/cideim\/hhxuuu50op-7270329\">\t\t\t\t\t\t\t<div class=\"xpro-infolist-media xpro-infolist-media-type-icon\">\n\t\t\t\t\t<i aria-hidden=\"true\" class=\"fas fa-check\"><\/i>\t\t\t\t<\/div>\n\t\t\t\n\t\t\t<div class=\"xpro-infolist-content\">\n\t\t\t\t\t\t\t\t\t<h2 class=\"xpro-infolist-title\">#2 Junio de 2022<\/h2>\n\t\t\t\t\t\t\t\t\t\t\t<\/div>\n\t\t\t<\/a>\t\t<\/li>\n\t\t\t<li class=\"xpro-infolist-item elementor-repeater-item-ce1af05\">\n\t\t\t<a href=\"https:\/\/mailchi.mp\/cideim\/hhxuuu50op-6809265\"  target=\"_blank\" href=\"https:\/\/mailchi.mp\/cideim\/hhxuuu50op-6809265\">\t\t\t\t\t\t\t<div class=\"xpro-infolist-media xpro-infolist-media-type-icon\">\n\t\t\t\t\t<i aria-hidden=\"true\" class=\"fas fa-check\"><\/i>\t\t\t\t<\/div>\n\t\t\t\n\t\t\t<div class=\"xpro-infolist-content\">\n\t\t\t\t\t\t\t\t\t<h2 class=\"xpro-infolist-title\">#1 Abril de 2022<\/h2>\n\t\t\t\t\t\t\t\t\t\t\t<\/div>\n\t\t\t<\/a>\t\t<\/li>\n\t<\/ul>\n\t\t<\/div>\n\t\t\t\t<\/div>\n\t\t\t\t\t<\/div>\n\t\t\t\t<\/div>\n\t\t\t\t\t<\/div>\n\t\t\t\t<\/div>\n\t\t\t\t\t\t\t<\/div>\n\t\t","protected":false},"excerpt":{"rendered":"<p>Ent\u00e9rate de las novedades, recursos e informaci\u00f3n de inter\u00e9s que compartimos a trav\u00e9s del Bolet\u00edn de TDR Global para Latinoam\u00e9rica y el Caribe: Hist\u00f3rico boletines #15 Diciembre de 2025 #14 Septiembre de 2025 #13 Junio de 2025 #12 Abril de 2025 #11 Diciembre de 2024 #10 Septiembre de 2024 #9 Junio de 2024 #8 Marzo [&hellip;]<\/p>\n","protected":false},"author":5,"featured_media":0,"parent":1066,"menu_order":0,"comment_status":"closed","ping_status":"closed","template":"","meta":{"footnotes":""},"tipo_de_pagina":[95],"acf":[],"yoast_head":"<!-- This site is optimized with the Yoast SEO plugin v20.9 - https:\/\/yoast.com\/wordpress\/plugins\/seo\/ -->\n<title>Noticias Nodo LAC - Centro Internacional de Entrenamiento e Investigaciones M\u00e9dicas<\/title>\n<meta name=\"robots\" content=\"index, follow, max-snippet:-1, max-image-preview:large, max-video-preview:-1\" \/>\n<link rel=\"canonical\" href=\"https:\/\/cideim.org.co\/cideim\/programas-especiales\/tdr-global\/noticias-nodo-lac\/\" \/>\n<meta property=\"og:locale\" content=\"es_ES\" \/>\n<meta property=\"og:type\" content=\"article\" \/>\n<meta property=\"og:title\" content=\"Noticias Nodo LAC - Centro Internacional de Entrenamiento e Investigaciones M\u00e9dicas\" \/>\n<meta property=\"og:description\" content=\"Ent\u00e9rate de las novedades, recursos e informaci\u00f3n de inter\u00e9s que compartimos a trav\u00e9s del Bolet\u00edn de TDR Global para Latinoam\u00e9rica y el Caribe: Hist\u00f3rico boletines #15 Diciembre de 2025 #14 Septiembre de 2025 #13 Junio de 2025 #12 Abril de 2025 #11 Diciembre de 2024 #10 Septiembre de 2024 #9 Junio de 2024 #8 Marzo [&hellip;]\" \/>\n<meta property=\"og:url\" content=\"https:\/\/cideim.org.co\/cideim\/programas-especiales\/tdr-global\/noticias-nodo-lac\/\" \/>\n<meta property=\"og:site_name\" content=\"Centro Internacional de Entrenamiento e Investigaciones M\u00e9dicas\" \/>\n<meta property=\"article:publisher\" content=\"https:\/\/www.facebook.com\/cideim\" \/>\n<meta property=\"article:modified_time\" content=\"2025-12-02T20:08:59+00:00\" \/>\n<meta property=\"og:image\" content=\"https:\/\/cideim.org.co\/cideim\/wp-content\/uploads\/2025\/12\/banner_newsletter_tdrglobal_lac.png\" \/>\n<meta name=\"twitter:card\" content=\"summary_large_image\" \/>\n<meta name=\"twitter:label1\" content=\"Tiempo estimado de lectura\" \/>\n\t<meta name=\"twitter:data1\" content=\"1 minuto\" \/>\n<script type=\"application\/ld+json\" class=\"yoast-schema-graph\">{\"@context\":\"https:\/\/schema.org\",\"@graph\":[{\"@type\":\"WebPage\",\"@id\":\"https:\/\/cideim.org.co\/cideim\/programas-especiales\/tdr-global\/noticias-nodo-lac\/\",\"url\":\"https:\/\/cideim.org.co\/cideim\/programas-especiales\/tdr-global\/noticias-nodo-lac\/\",\"name\":\"Noticias Nodo LAC - Centro Internacional de Entrenamiento e Investigaciones M\u00e9dicas\",\"isPartOf\":{\"@id\":\"https:\/\/cideim.org.co\/cideim\/#website\"},\"datePublished\":\"2025-03-28T23:53:32+00:00\",\"dateModified\":\"2025-12-02T20:08:59+00:00\",\"breadcrumb\":{\"@id\":\"https:\/\/cideim.org.co\/cideim\/programas-especiales\/tdr-global\/noticias-nodo-lac\/#breadcrumb\"},\"inLanguage\":\"es-CO\",\"potentialAction\":[{\"@type\":\"ReadAction\",\"target\":[\"https:\/\/cideim.org.co\/cideim\/programas-especiales\/tdr-global\/noticias-nodo-lac\/\"]}]},{\"@type\":\"BreadcrumbList\",\"@id\":\"https:\/\/cideim.org.co\/cideim\/programas-especiales\/tdr-global\/noticias-nodo-lac\/#breadcrumb\",\"itemListElement\":[{\"@type\":\"ListItem\",\"position\":1,\"name\":\"Inicio\",\"item\":\"https:\/\/cideim.org.co\/cideim\/\"},{\"@type\":\"ListItem\",\"position\":2,\"name\":\"Programas especiales\",\"item\":\"https:\/\/cideim.org.co\/cideim\/programas-especiales\/\"},{\"@type\":\"ListItem\",\"position\":3,\"name\":\"TDR Global\",\"item\":\"https:\/\/cideim.org.co\/cideim\/programas-especiales\/tdr-global\/\"},{\"@type\":\"ListItem\",\"position\":4,\"name\":\"Noticias Nodo LAC\"}]},{\"@type\":\"WebSite\",\"@id\":\"https:\/\/cideim.org.co\/cideim\/#website\",\"url\":\"https:\/\/cideim.org.co\/cideim\/\",\"name\":\"CIDEIM | Centro Internacional de Entrenamiento e Investigaciones M\u00e9dicas\",\"description\":\"CIDEIM\",\"publisher\":{\"@id\":\"https:\/\/cideim.org.co\/cideim\/#organization\"},\"potentialAction\":[{\"@type\":\"SearchAction\",\"target\":{\"@type\":\"EntryPoint\",\"urlTemplate\":\"https:\/\/cideim.org.co\/cideim\/?s={search_term_string}\"},\"query-input\":\"required name=search_term_string\"}],\"inLanguage\":\"es-CO\"},{\"@type\":\"Organization\",\"@id\":\"https:\/\/cideim.org.co\/cideim\/#organization\",\"name\":\"Centro Internacional de Entrenamiento e Investigaciones M\u00e9dicas\",\"url\":\"https:\/\/cideim.org.co\/cideim\/\",\"logo\":{\"@type\":\"ImageObject\",\"inLanguage\":\"es-CO\",\"@id\":\"https:\/\/cideim.org.co\/cideim\/#\/schema\/logo\/image\/\",\"url\":\"https:\/\/cideim.org.co\/cideim\/wp-content\/uploads\/2022\/06\/Logo-cideim-1.svg\",\"contentUrl\":\"https:\/\/cideim.org.co\/cideim\/wp-content\/uploads\/2022\/06\/Logo-cideim-1.svg\",\"width\":193,\"height\":143,\"caption\":\"Centro Internacional de Entrenamiento e Investigaciones M\u00e9dicas\"},\"image\":{\"@id\":\"https:\/\/cideim.org.co\/cideim\/#\/schema\/logo\/image\/\"},\"sameAs\":[\"https:\/\/www.facebook.com\/cideim\",\"https:\/\/www.linkedin.com\/company\/cideim\/\"]}]}<\/script>\n<!-- \/ Yoast SEO plugin. -->","yoast_head_json":{"title":"Noticias Nodo LAC - Centro Internacional de Entrenamiento e Investigaciones M\u00e9dicas","robots":{"index":"index","follow":"follow","max-snippet":"max-snippet:-1","max-image-preview":"max-image-preview:large","max-video-preview":"max-video-preview:-1"},"canonical":"https:\/\/cideim.org.co\/cideim\/programas-especiales\/tdr-global\/noticias-nodo-lac\/","og_locale":"es_ES","og_type":"article","og_title":"Noticias Nodo LAC - Centro Internacional de Entrenamiento e Investigaciones M\u00e9dicas","og_description":"Ent\u00e9rate de las novedades, recursos e informaci\u00f3n de inter\u00e9s que compartimos a trav\u00e9s del Bolet\u00edn de TDR Global para Latinoam\u00e9rica y el Caribe: Hist\u00f3rico boletines #15 Diciembre de 2025 #14 Septiembre de 2025 #13 Junio de 2025 #12 Abril de 2025 #11 Diciembre de 2024 #10 Septiembre de 2024 #9 Junio de 2024 #8 Marzo [&hellip;]","og_url":"https:\/\/cideim.org.co\/cideim\/programas-especiales\/tdr-global\/noticias-nodo-lac\/","og_site_name":"Centro Internacional de Entrenamiento e Investigaciones M\u00e9dicas","article_publisher":"https:\/\/www.facebook.com\/cideim","article_modified_time":"2025-12-02T20:08:59+00:00","og_image":[{"url":"https:\/\/cideim.org.co\/cideim\/wp-content\/uploads\/2025\/12\/banner_newsletter_tdrglobal_lac.png"}],"twitter_card":"summary_large_image","twitter_misc":{"Tiempo estimado de lectura":"1 minuto"},"schema":{"@context":"https:\/\/schema.org","@graph":[{"@type":"WebPage","@id":"https:\/\/cideim.org.co\/cideim\/programas-especiales\/tdr-global\/noticias-nodo-lac\/","url":"https:\/\/cideim.org.co\/cideim\/programas-especiales\/tdr-global\/noticias-nodo-lac\/","name":"Noticias Nodo LAC - Centro Internacional de Entrenamiento e Investigaciones M\u00e9dicas","isPartOf":{"@id":"https:\/\/cideim.org.co\/cideim\/#website"},"datePublished":"2025-03-28T23:53:32+00:00","dateModified":"2025-12-02T20:08:59+00:00","breadcrumb":{"@id":"https:\/\/cideim.org.co\/cideim\/programas-especiales\/tdr-global\/noticias-nodo-lac\/#breadcrumb"},"inLanguage":"es-CO","potentialAction":[{"@type":"ReadAction","target":["https:\/\/cideim.org.co\/cideim\/programas-especiales\/tdr-global\/noticias-nodo-lac\/"]}]},{"@type":"BreadcrumbList","@id":"https:\/\/cideim.org.co\/cideim\/programas-especiales\/tdr-global\/noticias-nodo-lac\/#breadcrumb","itemListElement":[{"@type":"ListItem","position":1,"name":"Inicio","item":"https:\/\/cideim.org.co\/cideim\/"},{"@type":"ListItem","position":2,"name":"Programas especiales","item":"https:\/\/cideim.org.co\/cideim\/programas-especiales\/"},{"@type":"ListItem","position":3,"name":"TDR Global","item":"https:\/\/cideim.org.co\/cideim\/programas-especiales\/tdr-global\/"},{"@type":"ListItem","position":4,"name":"Noticias Nodo LAC"}]},{"@type":"WebSite","@id":"https:\/\/cideim.org.co\/cideim\/#website","url":"https:\/\/cideim.org.co\/cideim\/","name":"CIDEIM | Centro Internacional de Entrenamiento e Investigaciones M\u00e9dicas","description":"CIDEIM","publisher":{"@id":"https:\/\/cideim.org.co\/cideim\/#organization"},"potentialAction":[{"@type":"SearchAction","target":{"@type":"EntryPoint","urlTemplate":"https:\/\/cideim.org.co\/cideim\/?s={search_term_string}"},"query-input":"required name=search_term_string"}],"inLanguage":"es-CO"},{"@type":"Organization","@id":"https:\/\/cideim.org.co\/cideim\/#organization","name":"Centro Internacional de Entrenamiento e Investigaciones M\u00e9dicas","url":"https:\/\/cideim.org.co\/cideim\/","logo":{"@type":"ImageObject","inLanguage":"es-CO","@id":"https:\/\/cideim.org.co\/cideim\/#\/schema\/logo\/image\/","url":"https:\/\/cideim.org.co\/cideim\/wp-content\/uploads\/2022\/06\/Logo-cideim-1.svg","contentUrl":"https:\/\/cideim.org.co\/cideim\/wp-content\/uploads\/2022\/06\/Logo-cideim-1.svg","width":193,"height":143,"caption":"Centro Internacional de Entrenamiento e Investigaciones M\u00e9dicas"},"image":{"@id":"https:\/\/cideim.org.co\/cideim\/#\/schema\/logo\/image\/"},"sameAs":["https:\/\/www.facebook.com\/cideim","https:\/\/www.linkedin.com\/company\/cideim\/"]}]}},"_links":{"self":[{"href":"https:\/\/cideim.org.co\/cideim\/wp-json\/wp\/v2\/pages\/9107"}],"collection":[{"href":"https:\/\/cideim.org.co\/cideim\/wp-json\/wp\/v2\/pages"}],"about":[{"href":"https:\/\/cideim.org.co\/cideim\/wp-json\/wp\/v2\/types\/page"}],"author":[{"embeddable":true,"href":"https:\/\/cideim.org.co\/cideim\/wp-json\/wp\/v2\/users\/5"}],"replies":[{"embeddable":true,"href":"https:\/\/cideim.org.co\/cideim\/wp-json\/wp\/v2\/comments?post=9107"}],"version-history":[{"count":57,"href":"https:\/\/cideim.org.co\/cideim\/wp-json\/wp\/v2\/pages\/9107\/revisions"}],"predecessor-version":[{"id":11490,"href":"https:\/\/cideim.org.co\/cideim\/wp-json\/wp\/v2\/pages\/9107\/revisions\/11490"}],"up":[{"embeddable":true,"href":"https:\/\/cideim.org.co\/cideim\/wp-json\/wp\/v2\/pages\/1066"}],"wp:attachment":[{"href":"https:\/\/cideim.org.co\/cideim\/wp-json\/wp\/v2\/media?parent=9107"}],"wp:term":[{"taxonomy":"tipo_de_pagina","embeddable":true,"href":"https:\/\/cideim.org.co\/cideim\/wp-json\/wp\/v2\/tipo_de_pagina?post=9107"}],"curies":[{"name":"wp","href":"https:\/\/api.w.org\/{rel}","templated":true}]}}